{"id":170,"date":"2025-05-27T13:51:13","date_gmt":"2025-05-27T13:51:13","guid":{"rendered":"https:\/\/prowebsolutions.nl\/about\/"},"modified":"2025-06-23T20:06:08","modified_gmt":"2025-06-23T20:06:08","slug":"over-ons","status":"publish","type":"page","link":"https:\/\/prowebsolutions.nl\/nl\/over-ons\/","title":{"rendered":"Over ons"},"content":{"rendered":"<div data-elementor-type=\"wp-page\" data-elementor-id=\"170\" class=\"elementor elementor-170\" data-elementor-post-type=\"page\">\n\t\t\t\t<div data-particle_enable=\"false\" data-particle-mobile-disabled=\"false\" class=\"elementor-element elementor-element-a6d04ca e-flex e-con-boxed e-con e-parent\" data-id=\"a6d04ca\" data-element_type=\"container\" data-e-type=\"container\" id=\"about\" data-settings=\"{&quot;background_background&quot;:&quot;classic&quot;}\">\n\t\t\t\t\t<div class=\"e-con-inner\">\n\t\t<div data-particle_enable=\"false\" data-particle-mobile-disabled=\"false\" class=\"elementor-element elementor-element-2a8a4f3 e-con-full e-flex e-con e-child\" data-id=\"2a8a4f3\" data-element_type=\"container\" data-e-type=\"container\">\n\t\t\t\t<div class=\"elementor-element elementor-element-f4a5fcf elementor-widget elementor-widget-heading\" data-id=\"f4a5fcf\" data-element_type=\"widget\" data-e-type=\"widget\" data-widget_type=\"heading.default\">\n\t\t\t\t<div class=\"elementor-widget-container\">\n\t\t\t\t\t<h2 class=\"elementor-heading-title elementor-size-default\">Wij helpen onze klanten <\/h2>\t\t\t\t<\/div>\n\t\t\t\t<\/div>\n\t\t\t\t<div class=\"elementor-element elementor-element-6b8ee96 elementor-widget elementor-widget-image\" data-id=\"6b8ee96\" data-element_type=\"widget\" data-e-type=\"widget\" data-widget_type=\"image.default\">\n\t\t\t\t<div class=\"elementor-widget-container\">\n\t\t\t\t\t\t\t\t\t\t\t\t\t\t\t<img fetchpriority=\"high\" decoding=\"async\" width=\"2560\" height=\"1707\" src=\"https:\/\/prowebsolutions.nl\/wp-content\/uploads\/2025\/05\/silhouette-confident-businesspeople-scaled.jpg\" class=\"attachment-full size-full wp-image-330\" alt=\"\" srcset=\"https:\/\/prowebsolutions.nl\/wp-content\/uploads\/2025\/05\/silhouette-confident-businesspeople-scaled.jpg 2560w, https:\/\/prowebsolutions.nl\/wp-content\/uploads\/2025\/05\/silhouette-confident-businesspeople-300x200.jpg 300w, https:\/\/prowebsolutions.nl\/wp-content\/uploads\/2025\/05\/silhouette-confident-businesspeople-1024x683.jpg 1024w, https:\/\/prowebsolutions.nl\/wp-content\/uploads\/2025\/05\/silhouette-confident-businesspeople-768x512.jpg 768w, https:\/\/prowebsolutions.nl\/wp-content\/uploads\/2025\/05\/silhouette-confident-businesspeople-1536x1024.jpg 1536w, https:\/\/prowebsolutions.nl\/wp-content\/uploads\/2025\/05\/silhouette-confident-businesspeople-2048x1365.jpg 2048w\" sizes=\"(max-width: 2560px) 100vw, 2560px\" \/>\t\t\t\t\t\t\t\t\t\t\t\t\t\t\t<\/div>\n\t\t\t\t<\/div>\n\t\t<div data-particle_enable=\"false\" data-particle-mobile-disabled=\"false\" class=\"elementor-element elementor-element-dbfa8e8 e-con-full e-flex e-con e-child\" data-id=\"dbfa8e8\" data-element_type=\"container\" data-e-type=\"container\">\n\t\t<div data-particle_enable=\"false\" data-particle-mobile-disabled=\"false\" class=\"elementor-element elementor-element-e5f6b4a e-con-full e-flex e-con e-child\" data-id=\"e5f6b4a\" data-element_type=\"container\" data-e-type=\"container\">\n\t\t\t\t<div class=\"elementor-element elementor-element-afc1eb2 elementor-widget elementor-widget-eael-counter\" data-id=\"afc1eb2\" data-element_type=\"widget\" data-e-type=\"widget\" data-widget_type=\"eael-counter.default\">\n\t\t\t\t<div class=\"elementor-widget-container\">\n\t\t\t\t\t        <div class=\"eael-counter-container\">\n            <div class=\"eael-counter eael-counter-afc1eb2 eael-counter-layout-1\" data-target=\".eael-counter-number-afc1eb2\">\n                                                    <span class=\"eael-counter-icon-wrap\">\n                    <span class=\"eael-counter-icon eael-counter-icon-img\">\n                        <img decoding=\"async\" src=\"https:\/\/prowebsolutions.nl\/wp-content\/uploads\/2024\/03\/16059502-frame-11036.png\" alt=\"\">\n                    <\/span>\n                <\/span>\n                            \n                    <div class=\"eael-counter-number-title-wrap\">\n                        <div class=\"eael-counter-number-wrap\">\n                                                        <div class=\"eael-counter-number eael-counter-number-afc1eb2\" data-to=\"10\" data-speed=\"1500\">0<\/div>\n                            <span class=\"eael-counter-number-suffix\">+<\/span>                        <\/div>\n\n                        \n                        <div class=\"eael-counter-title\">Jarenlange ervaring<\/div>                    <\/div>\n                            <\/div>\n        <\/div><!-- .eael-counter-container -->\n        \t\t\t\t<\/div>\n\t\t\t\t<\/div>\n\t\t\t\t<\/div>\n\t\t<div data-particle_enable=\"false\" data-particle-mobile-disabled=\"false\" class=\"elementor-element elementor-element-03b96c9 e-con-full e-flex e-con e-child\" data-id=\"03b96c9\" data-element_type=\"container\" data-e-type=\"container\">\n\t\t\t\t<div class=\"elementor-element elementor-element-29a2c70 elementor-widget elementor-widget-eael-counter\" data-id=\"29a2c70\" data-element_type=\"widget\" data-e-type=\"widget\" data-widget_type=\"eael-counter.default\">\n\t\t\t\t<div class=\"elementor-widget-container\">\n\t\t\t\t\t        <div class=\"eael-counter-container\">\n            <div class=\"eael-counter eael-counter-29a2c70 eael-counter-layout-1\" data-target=\".eael-counter-number-29a2c70\">\n                                                    <span class=\"eael-counter-icon-wrap\">\n                    <span class=\"eael-counter-icon eael-counter-icon-img\">\n                        <img decoding=\"async\" src=\"https:\/\/prowebsolutions.nl\/wp-content\/uploads\/2024\/03\/34983157-frame-11039.png\" alt=\"\">\n                    <\/span>\n                <\/span>\n                            \n                    <div class=\"eael-counter-number-title-wrap\">\n                        <div class=\"eael-counter-number-wrap\">\n                                                        <div class=\"eael-counter-number eael-counter-number-29a2c70\" data-to=\"100\" data-speed=\"1500\">0<\/div>\n                            <span class=\"eael-counter-number-suffix\">%<\/span>                        <\/div>\n\n                        \n                        <div class=\"eael-counter-title\">Bestellingen op tijd<\/div>                    <\/div>\n                            <\/div>\n        <\/div><!-- .eael-counter-container -->\n        \t\t\t\t<\/div>\n\t\t\t\t<\/div>\n\t\t\t\t<\/div>\n\t\t<div data-particle_enable=\"false\" data-particle-mobile-disabled=\"false\" class=\"elementor-element elementor-element-a0ed811 e-con-full e-flex e-con e-child\" data-id=\"a0ed811\" data-element_type=\"container\" data-e-type=\"container\">\n\t\t\t\t<div class=\"elementor-element elementor-element-6a0cffc elementor-widget elementor-widget-eael-counter\" data-id=\"6a0cffc\" data-element_type=\"widget\" data-e-type=\"widget\" data-widget_type=\"eael-counter.default\">\n\t\t\t\t<div class=\"elementor-widget-container\">\n\t\t\t\t\t        <div class=\"eael-counter-container\">\n            <div class=\"eael-counter eael-counter-6a0cffc eael-counter-layout-1\" data-target=\".eael-counter-number-6a0cffc\">\n                                                    <span class=\"eael-counter-icon-wrap\">\n                    <span class=\"eael-counter-icon eael-counter-icon-img\">\n                        <img decoding=\"async\" src=\"https:\/\/prowebsolutions.nl\/wp-content\/uploads\/2024\/03\/3e56edb5-group-311.png\" alt=\"\">\n                    <\/span>\n                <\/span>\n                            \n                    <div class=\"eael-counter-number-title-wrap\">\n                        <div class=\"eael-counter-number-wrap\">\n                                                        <div class=\"eael-counter-number eael-counter-number-6a0cffc\" data-to=\"20\" data-speed=\"1500\">0<\/div>\n                            <span class=\"eael-counter-number-suffix\">+<\/span>                        <\/div>\n\n                        \n                        <div class=\"eael-counter-title\">Tevreden klanten<\/div>                    <\/div>\n                            <\/div>\n        <\/div><!-- .eael-counter-container -->\n        \t\t\t\t<\/div>\n\t\t\t\t<\/div>\n\t\t\t\t<\/div>\n\t\t\t\t<\/div>\n\t\t\t\t<div class=\"elementor-element elementor-element-44ac010 elementor-widget elementor-widget-text-editor\" data-id=\"44ac010\" data-element_type=\"widget\" data-e-type=\"widget\" data-widget_type=\"text-editor.default\">\n\t\t\t\t<div class=\"elementor-widget-container\">\n\t\t\t\t\t\t\t\t\t<p>Professionele Web Solutions-10 jaar ervaring en meer dan 60 tevreden klanten, zorgen voor altijd de uitvoering op tijd. Wij zijn gespecialiseerd in ge\u00efntegreerde web ontwikkeling (WordPress), web hosting en digitale marketing, en corporate identity design: logo &#039; s, visitekaartjes en grafische materialen.&nbsp;<\/p>\n<p>Wij bieden ook dropshipping integratie (Baselinker), en we zijn altijd aanpassen van onze e-commerce oplossingen en marketing campagnes aan de individuele behoeften. Met ons, uw visie zal vertaald worden in een perfect weergegeven design die effectief zullen uw bedrijf versterken.<\/p>\n<p><br><\/p>\n<p>Wij bieden volledige formele en de vertalingen in het Nederlands-hulp met DigiD, BSN, offici\u00eble applicaties en vertalingen van documenten en documenten.<span style=\"background-color: rgba(2, 1, 1, 0);\">leasing knechten<\/span><span style=\"background-color: rgba(2, 1, 1, 0);\">.&nbsp;<\/span><\/p>\n<p>Welkom om contact met ons op.<\/p>\t\t\t\t\t\t\t\t<\/div>\n\t\t\t\t<\/div>\n\t\t\t\t<div class=\"elementor-element elementor-element-2aec0aa elementor-align-center elementor-widget elementor-widget-button\" data-id=\"2aec0aa\" data-element_type=\"widget\" data-e-type=\"widget\" data-widget_type=\"button.default\">\n\t\t\t\t<div class=\"elementor-widget-container\">\n\t\t\t\t\t\t\t\t\t<div class=\"elementor-button-wrapper\">\n\t\t\t\t\t<a class=\"elementor-button elementor-button-link elementor-size-sm\" href=\"https:\/\/prowebsolutions.nl\/nl\/contact\/\" id=\"Kontakt\">\n\t\t\t\t\t\t<span class=\"elementor-button-content-wrapper\">\n\t\t\t\t\t\t\t\t\t<span class=\"elementor-button-text\">Onderhandelen<\/span>\n\t\t\t\t\t<\/span>\n\t\t\t\t\t<\/a>\n\t\t\t\t<\/div>\n\t\t\t\t\t\t\t\t<\/div>\n\t\t\t\t<\/div>\n\t\t\t\t<\/div>\n\t\t\t\t\t<\/div>\n\t\t\t\t<\/div>\n\t\t\t\t<\/div>","protected":false},"excerpt":{"rendered":"<p>Pomagamy naszym klientom 0 + Lat do\u015bwidczenia 0 % Zlece\u0144 w terminie 0 + Zadowolonych klient\u00f3w Professional Web Solutions \u2013&nbsp; 10-letnie do\u015bwiadczenie i ponad 60 zadowolonych klient\u00f3w, dostarczaj\u0105cy zawsze realizacje w ustalonym terminie. Specjalizujemy si\u0119 w kompleksowym tworzeniu stron internetowych (WordPress), hostingu i marketingu cyfrowym oraz projektowaniu identyfikacji wizualnej: logo, wizyt\u00f3wek i materia\u0142\u00f3w graficznych.&nbsp; Oferujemy [&hellip;]<\/p>\n","protected":false},"author":1,"featured_media":0,"parent":0,"menu_order":0,"comment_status":"closed","ping_status":"closed","template":"elementor_header_footer","meta":{"_joinchat":[],"footnotes":""},"class_list":["post-170","page","type-page","status-publish","hentry"],"yoast_head":"<!-- This site is optimized with the Yoast SEO plugin v27.3 - https:\/\/yoast.com\/product\/yoast-seo-wordpress\/ -->\n<title>O nas - Professional Web Solutions<\/title>\n<meta name=\"robots\" content=\"index, follow, max-snippet:-1, max-image-preview:large, max-video-preview:-1\" \/>\n<link rel=\"canonical\" href=\"https:\/\/prowebsolutions.nl\/nl\/over-ons\/\" \/>\n<meta property=\"og:locale\" content=\"nl_NL\" \/>\n<meta property=\"og:type\" content=\"article\" \/>\n<meta property=\"og:title\" content=\"O nas - Professional Web Solutions\" \/>\n<meta property=\"og:description\" content=\"Pomagamy naszym klientom 0 + Lat do\u015bwidczenia 0 % Zlece\u0144 w terminie 0 + Zadowolonych klient\u00f3w Professional Web Solutions \u2013&nbsp; 10-letnie do\u015bwiadczenie i ponad 60 zadowolonych klient\u00f3w, dostarczaj\u0105cy zawsze realizacje w ustalonym terminie. Specjalizujemy si\u0119 w kompleksowym tworzeniu stron internetowych (WordPress), hostingu i marketingu cyfrowym oraz projektowaniu identyfikacji wizualnej: logo, wizyt\u00f3wek i materia\u0142\u00f3w graficznych.&nbsp; Oferujemy [&hellip;]\" \/>\n<meta property=\"og:url\" content=\"https:\/\/prowebsolutions.nl\/nl\/over-ons\/\" \/>\n<meta property=\"og:site_name\" content=\"Professional Web Solutions\" \/>\n<meta property=\"article:modified_time\" content=\"2025-06-23T20:06:08+00:00\" \/>\n<meta property=\"og:image\" content=\"https:\/\/prowebsolutions.nl\/wp-content\/uploads\/2025\/05\/silhouette-confident-businesspeople-scaled.jpg\" \/>\n\t<meta property=\"og:image:width\" content=\"2560\" \/>\n\t<meta property=\"og:image:height\" content=\"1707\" \/>\n\t<meta property=\"og:image:type\" content=\"image\/jpeg\" \/>\n<meta name=\"twitter:card\" content=\"summary_large_image\" \/>\n<meta name=\"twitter:label1\" content=\"Geschatte leestijd\" \/>\n\t<meta name=\"twitter:data1\" content=\"2 minuten\" \/>\n<script type=\"application\/ld+json\" class=\"yoast-schema-graph\">{\"@context\":\"https:\\\/\\\/schema.org\",\"@graph\":[{\"@type\":\"WebPage\",\"@id\":\"https:\\\/\\\/prowebsolutions.nl\\\/over-ons\\\/\",\"url\":\"https:\\\/\\\/prowebsolutions.nl\\\/over-ons\\\/\",\"name\":\"O nas - Professional Web Solutions\",\"isPartOf\":{\"@id\":\"https:\\\/\\\/prowebsolutions.nl\\\/#website\"},\"primaryImageOfPage\":{\"@id\":\"https:\\\/\\\/prowebsolutions.nl\\\/over-ons\\\/#primaryimage\"},\"image\":{\"@id\":\"https:\\\/\\\/prowebsolutions.nl\\\/over-ons\\\/#primaryimage\"},\"thumbnailUrl\":\"https:\\\/\\\/prowebsolutions.nl\\\/wp-content\\\/uploads\\\/2025\\\/05\\\/silhouette-confident-businesspeople-scaled.jpg\",\"datePublished\":\"2025-05-27T13:51:13+00:00\",\"dateModified\":\"2025-06-23T20:06:08+00:00\",\"breadcrumb\":{\"@id\":\"https:\\\/\\\/prowebsolutions.nl\\\/over-ons\\\/#breadcrumb\"},\"inLanguage\":\"nl-NL\",\"potentialAction\":[{\"@type\":\"ReadAction\",\"target\":[\"https:\\\/\\\/prowebsolutions.nl\\\/over-ons\\\/\"]}]},{\"@type\":\"ImageObject\",\"inLanguage\":\"nl-NL\",\"@id\":\"https:\\\/\\\/prowebsolutions.nl\\\/over-ons\\\/#primaryimage\",\"url\":\"https:\\\/\\\/prowebsolutions.nl\\\/wp-content\\\/uploads\\\/2025\\\/05\\\/silhouette-confident-businesspeople-scaled.jpg\",\"contentUrl\":\"https:\\\/\\\/prowebsolutions.nl\\\/wp-content\\\/uploads\\\/2025\\\/05\\\/silhouette-confident-businesspeople-scaled.jpg\"},{\"@type\":\"BreadcrumbList\",\"@id\":\"https:\\\/\\\/prowebsolutions.nl\\\/over-ons\\\/#breadcrumb\",\"itemListElement\":[{\"@type\":\"ListItem\",\"position\":1,\"name\":\"Strona g\u0142\u00f3wna\",\"item\":\"https:\\\/\\\/prowebsolutions.nl\\\/\"},{\"@type\":\"ListItem\",\"position\":2,\"name\":\"O nas\"}]},{\"@type\":\"WebSite\",\"@id\":\"https:\\\/\\\/prowebsolutions.nl\\\/#website\",\"url\":\"https:\\\/\\\/prowebsolutions.nl\\\/\",\"name\":\"Professional Web Solutions\",\"description\":\"Do ka\u017cdego problemu podchodzimy indywidualnie\",\"publisher\":{\"@id\":\"https:\\\/\\\/prowebsolutions.nl\\\/#organization\"},\"potentialAction\":[{\"@type\":\"SearchAction\",\"target\":{\"@type\":\"EntryPoint\",\"urlTemplate\":\"https:\\\/\\\/prowebsolutions.nl\\\/?s={search_term_string}\"},\"query-input\":{\"@type\":\"PropertyValueSpecification\",\"valueRequired\":true,\"valueName\":\"search_term_string\"}}],\"inLanguage\":\"nl-NL\"},{\"@type\":\"Organization\",\"@id\":\"https:\\\/\\\/prowebsolutions.nl\\\/#organization\",\"name\":\"Professional Web Solutions\",\"url\":\"https:\\\/\\\/prowebsolutions.nl\\\/\",\"logo\":{\"@type\":\"ImageObject\",\"inLanguage\":\"nl-NL\",\"@id\":\"https:\\\/\\\/prowebsolutions.nl\\\/#\\\/schema\\\/logo\\\/image\\\/\",\"url\":\"https:\\\/\\\/prowebsolutions.nl\\\/wp-content\\\/uploads\\\/2025\\\/05\\\/Professional-268-x-220-px.png\",\"contentUrl\":\"https:\\\/\\\/prowebsolutions.nl\\\/wp-content\\\/uploads\\\/2025\\\/05\\\/Professional-268-x-220-px.png\",\"width\":268,\"height\":220,\"caption\":\"Professional Web Solutions\"},\"image\":{\"@id\":\"https:\\\/\\\/prowebsolutions.nl\\\/#\\\/schema\\\/logo\\\/image\\\/\"}}]}<\/script>\n<!-- \/ Yoast SEO plugin. -->","yoast_head_json":{"title":"O nas - Professional Web Solutions","robots":{"index":"index","follow":"follow","max-snippet":"max-snippet:-1","max-image-preview":"max-image-preview:large","max-video-preview":"max-video-preview:-1"},"canonical":"https:\/\/prowebsolutions.nl\/nl\/over-ons\/","og_locale":"nl_NL","og_type":"article","og_title":"O nas - Professional Web Solutions","og_description":"Pomagamy naszym klientom 0 + Lat do\u015bwidczenia 0 % Zlece\u0144 w terminie 0 + Zadowolonych klient\u00f3w Professional Web Solutions \u2013&nbsp; 10-letnie do\u015bwiadczenie i ponad 60 zadowolonych klient\u00f3w, dostarczaj\u0105cy zawsze realizacje w ustalonym terminie. Specjalizujemy si\u0119 w kompleksowym tworzeniu stron internetowych (WordPress), hostingu i marketingu cyfrowym oraz projektowaniu identyfikacji wizualnej: logo, wizyt\u00f3wek i materia\u0142\u00f3w graficznych.&nbsp; Oferujemy [&hellip;]","og_url":"https:\/\/prowebsolutions.nl\/nl\/over-ons\/","og_site_name":"Professional Web Solutions","article_modified_time":"2025-06-23T20:06:08+00:00","og_image":[{"width":2560,"height":1707,"url":"https:\/\/prowebsolutions.nl\/wp-content\/uploads\/2025\/05\/silhouette-confident-businesspeople-scaled.jpg","type":"image\/jpeg"}],"twitter_card":"summary_large_image","twitter_misc":{"Geschatte leestijd":"2 minuten"},"schema":{"@context":"https:\/\/schema.org","@graph":[{"@type":"WebPage","@id":"https:\/\/prowebsolutions.nl\/over-ons\/","url":"https:\/\/prowebsolutions.nl\/over-ons\/","name":"O nas - Professional Web Solutions","isPartOf":{"@id":"https:\/\/prowebsolutions.nl\/#website"},"primaryImageOfPage":{"@id":"https:\/\/prowebsolutions.nl\/over-ons\/#primaryimage"},"image":{"@id":"https:\/\/prowebsolutions.nl\/over-ons\/#primaryimage"},"thumbnailUrl":"https:\/\/prowebsolutions.nl\/wp-content\/uploads\/2025\/05\/silhouette-confident-businesspeople-scaled.jpg","datePublished":"2025-05-27T13:51:13+00:00","dateModified":"2025-06-23T20:06:08+00:00","breadcrumb":{"@id":"https:\/\/prowebsolutions.nl\/over-ons\/#breadcrumb"},"inLanguage":"nl-NL","potentialAction":[{"@type":"ReadAction","target":["https:\/\/prowebsolutions.nl\/over-ons\/"]}]},{"@type":"ImageObject","inLanguage":"nl-NL","@id":"https:\/\/prowebsolutions.nl\/over-ons\/#primaryimage","url":"https:\/\/prowebsolutions.nl\/wp-content\/uploads\/2025\/05\/silhouette-confident-businesspeople-scaled.jpg","contentUrl":"https:\/\/prowebsolutions.nl\/wp-content\/uploads\/2025\/05\/silhouette-confident-businesspeople-scaled.jpg"},{"@type":"BreadcrumbList","@id":"https:\/\/prowebsolutions.nl\/over-ons\/#breadcrumb","itemListElement":[{"@type":"ListItem","position":1,"name":"Strona g\u0142\u00f3wna","item":"https:\/\/prowebsolutions.nl\/"},{"@type":"ListItem","position":2,"name":"O nas"}]},{"@type":"WebSite","@id":"https:\/\/prowebsolutions.nl\/#website","url":"https:\/\/prowebsolutions.nl\/","name":"Professional Web Solutions","description":"Do ka\u017cdego problemu podchodzimy indywidualnie","publisher":{"@id":"https:\/\/prowebsolutions.nl\/#organization"},"potentialAction":[{"@type":"SearchAction","target":{"@type":"EntryPoint","urlTemplate":"https:\/\/prowebsolutions.nl\/?s={search_term_string}"},"query-input":{"@type":"PropertyValueSpecification","valueRequired":true,"valueName":"search_term_string"}}],"inLanguage":"nl-NL"},{"@type":"Organization","@id":"https:\/\/prowebsolutions.nl\/#organization","name":"Professional Web Solutions","url":"https:\/\/prowebsolutions.nl\/","logo":{"@type":"ImageObject","inLanguage":"nl-NL","@id":"https:\/\/prowebsolutions.nl\/#\/schema\/logo\/image\/","url":"https:\/\/prowebsolutions.nl\/wp-content\/uploads\/2025\/05\/Professional-268-x-220-px.png","contentUrl":"https:\/\/prowebsolutions.nl\/wp-content\/uploads\/2025\/05\/Professional-268-x-220-px.png","width":268,"height":220,"caption":"Professional Web Solutions"},"image":{"@id":"https:\/\/prowebsolutions.nl\/#\/schema\/logo\/image\/"}}]}},"_links":{"self":[{"href":"https:\/\/prowebsolutions.nl\/nl\/wp-json\/wp\/v2\/pages\/170","targetHints":{"allow":["GET"]}}],"collection":[{"href":"https:\/\/prowebsolutions.nl\/nl\/wp-json\/wp\/v2\/pages"}],"about":[{"href":"https:\/\/prowebsolutions.nl\/nl\/wp-json\/wp\/v2\/types\/page"}],"author":[{"embeddable":true,"href":"https:\/\/prowebsolutions.nl\/nl\/wp-json\/wp\/v2\/users\/1"}],"replies":[{"embeddable":true,"href":"https:\/\/prowebsolutions.nl\/nl\/wp-json\/wp\/v2\/comments?post=170"}],"version-history":[{"count":0,"href":"https:\/\/prowebsolutions.nl\/nl\/wp-json\/wp\/v2\/pages\/170\/revisions"}],"wp:attachment":[{"href":"https:\/\/prowebsolutions.nl\/nl\/wp-json\/wp\/v2\/media?parent=170"}],"curies":[{"name":"wp","href":"https:\/\/api.w.org\/{rel}","templated":true}]}}