{"id":179,"date":"2025-05-27T13:51:14","date_gmt":"2025-05-27T13:51:14","guid":{"rendered":"https:\/\/prowebsolutions.nl\/services\/"},"modified":"2025-06-02T14:24:06","modified_gmt":"2025-06-02T14:24:06","slug":"diensten","status":"publish","type":"page","link":"https:\/\/prowebsolutions.nl\/nl\/diensten\/","title":{"rendered":"Service"},"content":{"rendered":"\t\t<div data-elementor-type=\"wp-page\" data-elementor-id=\"179\" class=\"elementor elementor-179\" data-elementor-post-type=\"page\">\n\t\t\t\t<div data-particle_enable=\"false\" data-particle-mobile-disabled=\"false\" class=\"elementor-element elementor-element-9d430f7 e-flex e-con-boxed e-con e-parent\" data-id=\"9d430f7\" data-element_type=\"container\" data-e-type=\"container\">\n\t\t\t\t\t<div class=\"e-con-inner\">\n\t\t<div data-particle_enable=\"false\" data-particle-mobile-disabled=\"false\" class=\"elementor-element elementor-element-fadce9b e-flex e-con-boxed e-con e-child\" data-id=\"fadce9b\" data-element_type=\"container\" data-e-type=\"container\">\n\t\t\t\t\t<div class=\"e-con-inner\">\n\t\t\t\t<div class=\"elementor-element elementor-element-cd92b93 elementor-widget__width-inherit eael-infobox-content-align--center eael-infobox-shape-square eael-infobox-hover-img-shape-square elementor-invisible elementor-widget elementor-widget-eael-info-box\" data-id=\"cd92b93\" data-element_type=\"widget\" data-e-type=\"widget\" data-settings=\"{&quot;_animation&quot;:&quot;zoomIn&quot;}\" data-widget_type=\"eael-info-box.default\">\n\t\t\t\t<div class=\"elementor-widget-container\">\n\t\t\t\t\t        <div class=\"eael-infobox icon-on-top\">\n\t            <div class=\"infobox-icon\">\n\n                            <img decoding=\"async\" src=\"https:\/\/prowebsolutions.nl\/wp-content\/uploads\/2025\/05\/web-design.png\" alt=\"\">\n            \n            \n            \n        <\/div>\n            <div class=\"infobox-content\">\n                    <div class=\"infobox-title-section\">\n                <h2 class=\"title\">Strony internetowe<\/h2>            <\/div>\n            <div><p>Nowoczesne i w pe\u0142ni responsywne witryny tworzone na bazie WordPress i zapewniaj\u0105 intuicyjny panel zarz\u0105dzania oraz wsparcie techniczne po uruchomieniu.\u00a0<\/p><\/div>        <div class=\"infobox-button\">\n            <a class=\"eael-infobox-button\" href=\"https:\/\/prowebsolutions.nl\/nl\/diensten\/diensten-website\/\">\n                                                <span class=\"infobox-button-text\">Czytaj wi\u0119cej<\/span>\n                            <\/a>\n        <\/div>\n            <\/div>\n            <\/div>\n\n\t\t\t\t\t\t<\/div>\n\t\t\t\t<\/div>\n\t\t\t\t<div class=\"elementor-element elementor-element-3f18b2f elementor-widget__width-inherit eael-infobox-content-align--center eael-infobox-shape-square eael-infobox-hover-img-shape-square elementor-invisible elementor-widget elementor-widget-eael-info-box\" data-id=\"3f18b2f\" data-element_type=\"widget\" data-e-type=\"widget\" data-settings=\"{&quot;_animation&quot;:&quot;zoomIn&quot;}\" data-widget_type=\"eael-info-box.default\">\n\t\t\t\t<div class=\"elementor-widget-container\">\n\t\t\t\t\t        <div class=\"eael-infobox icon-on-top\">\n\t            <div class=\"infobox-icon\">\n\n                            <img decoding=\"async\" src=\"https:\/\/prowebsolutions.nl\/wp-content\/uploads\/2025\/05\/online-store.png\" alt=\"\">\n            \n            \n            \n        <\/div>\n            <div class=\"infobox-content\">\n                    <div class=\"infobox-title-section\">\n                <h2 class=\"title\">Sklepy internetowe<\/h2>            <\/div>\n            <div><article class=\"text-token-text-primary w-full\"><div class=\"text-base my-auto mx-auto py-5 [--thread-content-margin:--spacing(4)] @[37rem]:[--thread-content-margin:--spacing(6)] @[72rem]:[--thread-content-margin:--spacing(16)] px-(--thread-content-margin)\"><div class=\"[--thread-content-max-width:32rem] @[34rem]:[--thread-content-max-width:40rem] @[64rem]:[--thread-content-max-width:48rem] mx-auto flex max-w-(--thread-content-max-width) flex-1 text-base gap-4 md:gap-5 lg:gap-6 group\/turn-messages focus-visible:outline-hidden\"><div class=\"group\/conversation-turn relative flex w-full min-w-0 flex-col agent-turn\"><div class=\"relative flex-col gap-1 md:gap-3\"><div class=\"flex max-w-full flex-col grow\"><div class=\"min-h-8 text-message relative flex w-full flex-col items-end gap-2 text-start break-words whitespace-normal [.text-message+&amp;]:mt-5\"><div class=\"flex w-full flex-col gap-1 empty:hidden first:pt-[3px]\"><div class=\"markdown prose dark:prose-invert w-full break-words light\"><p>Profesjonalne sklepy internetowe oparte na WordPress, WooCommerce, gwarantuj\u0105ce intuicyjne zarz\u0105dzanie asortymentem, szybkie \u0142adowanie oraz pe\u0142n\u0105 integracj\u0119 z systemami p\u0142atno\u015bci.<\/p><\/div><\/div><\/div><\/div><\/div><\/div><\/div><\/div><\/article><\/div>        <div class=\"infobox-button\">\n            <a class=\"eael-infobox-button\" href=\"https:\/\/prowebsolutions.nl\/nl\/diensten\/diensten-webwinkel\/\">\n                                                <span class=\"infobox-button-text\">Czytaj wi\u0119cej<\/span>\n                            <\/a>\n        <\/div>\n            <\/div>\n            <\/div>\n\n\t\t\t\t\t\t<\/div>\n\t\t\t\t<\/div>\n\t\t\t\t<div class=\"elementor-element elementor-element-d9b42bb elementor-widget__width-inherit eael-infobox-content-align--center eael-infobox-shape-square eael-infobox-hover-img-shape-square elementor-invisible elementor-widget elementor-widget-eael-info-box\" data-id=\"d9b42bb\" data-element_type=\"widget\" data-e-type=\"widget\" data-settings=\"{&quot;_animation&quot;:&quot;zoomIn&quot;}\" data-widget_type=\"eael-info-box.default\">\n\t\t\t\t<div class=\"elementor-widget-container\">\n\t\t\t\t\t        <div class=\"eael-infobox icon-on-top\">\n\t            <div class=\"infobox-icon\">\n\n                            <img decoding=\"async\" src=\"https:\/\/prowebsolutions.nl\/wp-content\/uploads\/2025\/05\/secure-data.png\" alt=\"\">\n            \n            \n            \n        <\/div>\n            <div class=\"infobox-content\">\n                    <div class=\"infobox-title-section\">\n                <h2 class=\"title\">Bezpiecze\u0144stwo<\/h2>            <\/div>\n            <div><article class=\"text-token-text-primary w-full\"><div class=\"text-base my-auto mx-auto py-5 [--thread-content-margin:--spacing(4)] @[37rem]:[--thread-content-margin:--spacing(6)] @[72rem]:[--thread-content-margin:--spacing(16)] px-(--thread-content-margin)\"><div class=\"[--thread-content-max-width:32rem] @[34rem]:[--thread-content-max-width:40rem] @[64rem]:[--thread-content-max-width:48rem] mx-auto flex max-w-(--thread-content-max-width) flex-1 text-base gap-4 md:gap-5 lg:gap-6 group\/turn-messages focus-visible:outline-hidden\"><div class=\"group\/conversation-turn relative flex w-full min-w-0 flex-col agent-turn\"><div class=\"relative flex-col gap-1 md:gap-3\"><div class=\"flex max-w-full flex-col grow\"><div class=\"min-h-8 text-message relative flex w-full flex-col items-end gap-2 text-start break-words whitespace-normal [.text-message+&amp;]:mt-5\"><div class=\"flex w-full flex-col gap-1 empty:hidden first:pt-[3px]\"><div class=\"markdown prose dark:prose-invert w-full break-words light\"><p>Bezpieczne po\u0142\u0105czenia HTTPS dzi\u0119ki certyfikatowi SSL oraz ochrona formularzy przed spamem i atakami XSS za pomoc\u0105 walidacji i reCAPTCHA.<\/p><\/div><\/div><\/div><\/div><\/div><\/div><\/div><\/div><\/article><\/div>        <div class=\"infobox-button\">\n            <a class=\"eael-infobox-button\" href=\"https:\/\/prowebsolutions.nl\/nl\/diensten\/diensten-beveiliging\/\">\n                                                <span class=\"infobox-button-text\">Czytaj wi\u0119cej<\/span>\n                            <\/a>\n        <\/div>\n            <\/div>\n            <\/div>\n\n\t\t\t\t\t\t<\/div>\n\t\t\t\t<\/div>\n\t\t\t\t\t<\/div>\n\t\t\t\t<\/div>\n\t\t<div data-particle_enable=\"false\" data-particle-mobile-disabled=\"false\" class=\"elementor-element elementor-element-9928754 e-flex e-con-boxed e-con e-child\" data-id=\"9928754\" data-element_type=\"container\" data-e-type=\"container\">\n\t\t\t\t\t<div class=\"e-con-inner\">\n\t\t\t\t<div class=\"elementor-element elementor-element-7253013 elementor-widget__width-inherit eael-infobox-content-align--center eael-infobox-shape-square eael-infobox-hover-img-shape-square elementor-invisible elementor-widget elementor-widget-eael-info-box\" data-id=\"7253013\" data-element_type=\"widget\" data-e-type=\"widget\" data-settings=\"{&quot;_animation&quot;:&quot;zoomIn&quot;}\" data-widget_type=\"eael-info-box.default\">\n\t\t\t\t<div class=\"elementor-widget-container\">\n\t\t\t\t\t        <div class=\"eael-infobox icon-on-top\">\n\t            <div class=\"infobox-icon\">\n\n                            <img decoding=\"async\" src=\"https:\/\/prowebsolutions.nl\/wp-content\/uploads\/2025\/05\/sport-car.png\" alt=\"\">\n            \n            \n            \n        <\/div>\n            <div class=\"infobox-content\">\n                    <div class=\"infobox-title-section\">\n                <h2 class=\"title\">Leasingi<\/h2>            <\/div>\n            <div><p>Elastyczny leasing prywatny i firmowy. Auta na codzienny u\u017cytek i do pracy na budowie \u2013\u00a0 z niskimi ratami i szybk\u0105 procedur\u0105.<\/p><\/div>        <div class=\"infobox-button\">\n            <a class=\"eael-infobox-button\" href=\"https:\/\/prowebsolutions.nl\/nl\/diensten\/diensten-autoleasing\/\">\n                                                <span class=\"infobox-button-text\">Czytaj wi\u0119cej<\/span>\n                            <\/a>\n        <\/div>\n            <\/div>\n            <\/div>\n\n\t\t\t\t\t\t<\/div>\n\t\t\t\t<\/div>\n\t\t\t\t<div class=\"elementor-element elementor-element-ab3cb2e elementor-widget__width-inherit eael-infobox-content-align--center eael-infobox-shape-square eael-infobox-hover-img-shape-square elementor-invisible elementor-widget elementor-widget-eael-info-box\" data-id=\"ab3cb2e\" data-element_type=\"widget\" data-e-type=\"widget\" data-settings=\"{&quot;_animation&quot;:&quot;zoomIn&quot;}\" data-widget_type=\"eael-info-box.default\">\n\t\t\t\t<div class=\"elementor-widget-container\">\n\t\t\t\t\t        <div class=\"eael-infobox icon-on-top\">\n\t            <div class=\"infobox-icon\">\n\n                            <img decoding=\"async\" src=\"https:\/\/prowebsolutions.nl\/wp-content\/uploads\/2025\/05\/logo-design.png\" alt=\"\">\n            \n            \n            \n        <\/div>\n            <div class=\"infobox-content\">\n                    <div class=\"infobox-title-section\">\n                <h2 class=\"title\">Branding<\/h2>            <\/div>\n            <div><p>Profesjonalne wizyt\u00f3wki, ulotki i materia\u0142y drukowane: sp\u00f3jny design i wysoka jako\u015b\u0107 druku, kt\u00f3re wyr\u00f3\u017cni\u0105 Twoj\u0105 mark\u0119.<\/p><\/div>        <div class=\"infobox-button\">\n            <a class=\"eael-infobox-button\" href=\"https:\/\/prowebsolutions.nl\/nl\/diensten\/diensten-merknaam\/\">\n                                                <span class=\"infobox-button-text\">Czytaj wi\u0119cej<\/span>\n                            <\/a>\n        <\/div>\n            <\/div>\n            <\/div>\n\n\t\t\t\t\t\t<\/div>\n\t\t\t\t<\/div>\n\t\t\t\t<div class=\"elementor-element elementor-element-f19dcd0 elementor-widget__width-inherit eael-infobox-content-align--center eael-infobox-shape-square eael-infobox-hover-img-shape-square elementor-invisible elementor-widget elementor-widget-eael-info-box\" data-id=\"f19dcd0\" data-element_type=\"widget\" data-e-type=\"widget\" data-settings=\"{&quot;_animation&quot;:&quot;zoomIn&quot;}\" data-widget_type=\"eael-info-box.default\">\n\t\t\t\t<div class=\"elementor-widget-container\">\n\t\t\t\t\t        <div class=\"eael-infobox icon-on-top\">\n\t            <div class=\"infobox-icon\">\n\n                            <img decoding=\"async\" src=\"https:\/\/prowebsolutions.nl\/wp-content\/uploads\/2025\/05\/bookkeeping.png\" alt=\"\">\n            \n            \n            \n        <\/div>\n            <div class=\"infobox-content\">\n                    <div class=\"infobox-title-section\">\n                <h2 class=\"title\">Urz\u0119dy<\/h2>            <\/div>\n            <div><article class=\"text-token-text-primary w-full\"><div class=\"text-base my-auto mx-auto py-5 [--thread-content-margin:--spacing(4)] @[37rem]:[--thread-content-margin:--spacing(6)] @[72rem]:[--thread-content-margin:--spacing(16)] px-(--thread-content-margin)\"><div class=\"[--thread-content-max-width:32rem] @[34rem]:[--thread-content-max-width:40rem] @[64rem]:[--thread-content-max-width:48rem] mx-auto flex max-w-(--thread-content-max-width) flex-1 text-base gap-4 md:gap-5 lg:gap-6 group\/turn-messages focus-visible:outline-hidden\"><div class=\"group\/conversation-turn relative flex w-full min-w-0 flex-col agent-turn\"><div class=\"relative flex-col gap-1 md:gap-3\"><div class=\"flex max-w-full flex-col grow\"><div class=\"min-h-8 text-message relative flex w-full flex-col items-end gap-2 text-start break-words whitespace-normal [.text-message+&amp;]:mt-5\"><div class=\"flex w-full flex-col gap-1 empty:hidden first:pt-[3px]\"><div class=\"markdown prose dark:prose-invert w-full break-words light\"><p>Wsparcie w urz\u0119dowych formalno\u015bciach: zak\u0142adanie DigiD, zasi\u0142ki i sprawne rozliczenia podatkowe.<\/p><\/div><\/div><\/div><\/div><\/div><\/div><\/div><\/div><\/article><\/div>        <div class=\"infobox-button\">\n            <a class=\"eael-infobox-button\" href=\"https:\/\/prowebsolutions.nl\/nl\/diensten\/diensten-gementee\/\">\n                                                <span class=\"infobox-button-text\">Czytaj wi\u0119cej<\/span>\n                            <\/a>\n        <\/div>\n            <\/div>\n            <\/div>\n\n\t\t\t\t\t\t<\/div>\n\t\t\t\t<\/div>\n\t\t\t\t\t<\/div>\n\t\t\t\t<\/div>\n\t\t\t\t\t<\/div>\n\t\t\t\t<\/div>\n\t\t\t\t<\/div>\n\t\t","protected":false},"excerpt":{"rendered":"<p>Strony internetowe Nowoczesne i w pe\u0142ni responsywne witryny tworzone na bazie WordPress i zapewniaj\u0105 intuicyjny panel zarz\u0105dzania oraz wsparcie techniczne po uruchomieniu.\u00a0 Czytaj wi\u0119cej Sklepy internetowe Profesjonalne sklepy internetowe oparte na WordPress, WooCommerce, gwarantuj\u0105ce intuicyjne zarz\u0105dzanie asortymentem, szybkie \u0142adowanie oraz pe\u0142n\u0105 integracj\u0119 z systemami p\u0142atno\u015bci. Czytaj wi\u0119cej Bezpiecze\u0144stwo Bezpieczne po\u0142\u0105czenia HTTPS dzi\u0119ki certyfikatowi SSL oraz [&hellip;]<\/p>\n","protected":false},"author":1,"featured_media":0,"parent":0,"menu_order":0,"comment_status":"closed","ping_status":"closed","template":"elementor_header_footer","meta":{"_joinchat":[],"footnotes":""},"class_list":["post-179","page","type-page","status-publish","hentry"],"yoast_head":"<!-- This site is optimized with the Yoast SEO plugin v27.3 - https:\/\/yoast.com\/product\/yoast-seo-wordpress\/ -->\n<title>Us\u0142ugi - Professional Web Solutions<\/title>\n<meta name=\"robots\" content=\"index, follow, max-snippet:-1, max-image-preview:large, max-video-preview:-1\" \/>\n<link rel=\"canonical\" href=\"https:\/\/prowebsolutions.nl\/nl\/diensten\/\" \/>\n<meta property=\"og:locale\" content=\"nl_NL\" \/>\n<meta property=\"og:type\" content=\"article\" \/>\n<meta property=\"og:title\" content=\"Us\u0142ugi - Professional Web Solutions\" \/>\n<meta property=\"og:description\" content=\"Strony internetowe Nowoczesne i w pe\u0142ni responsywne witryny tworzone na bazie WordPress i zapewniaj\u0105 intuicyjny panel zarz\u0105dzania oraz wsparcie techniczne po uruchomieniu.\u00a0 Czytaj wi\u0119cej Sklepy internetowe Profesjonalne sklepy internetowe oparte na WordPress, WooCommerce, gwarantuj\u0105ce intuicyjne zarz\u0105dzanie asortymentem, szybkie \u0142adowanie oraz pe\u0142n\u0105 integracj\u0119 z systemami p\u0142atno\u015bci. Czytaj wi\u0119cej Bezpiecze\u0144stwo Bezpieczne po\u0142\u0105czenia HTTPS dzi\u0119ki certyfikatowi SSL oraz [&hellip;]\" \/>\n<meta property=\"og:url\" content=\"https:\/\/prowebsolutions.nl\/nl\/diensten\/\" \/>\n<meta property=\"og:site_name\" content=\"Professional Web Solutions\" \/>\n<meta property=\"article:modified_time\" content=\"2025-06-02T14:24:06+00:00\" \/>\n<meta property=\"og:image\" content=\"https:\/\/prowebsolutions.nl\/wp-content\/uploads\/2025\/05\/web-design.png\" \/>\n<meta name=\"twitter:card\" content=\"summary_large_image\" \/>\n<meta name=\"twitter:label1\" content=\"Geschatte leestijd\" \/>\n\t<meta name=\"twitter:data1\" content=\"2 minuten\" \/>\n<script type=\"application\/ld+json\" class=\"yoast-schema-graph\">{\"@context\":\"https:\\\/\\\/schema.org\",\"@graph\":[{\"@type\":\"WebPage\",\"@id\":\"https:\\\/\\\/prowebsolutions.nl\\\/diensten\\\/\",\"url\":\"https:\\\/\\\/prowebsolutions.nl\\\/diensten\\\/\",\"name\":\"Us\u0142ugi - Professional Web Solutions\",\"isPartOf\":{\"@id\":\"https:\\\/\\\/prowebsolutions.nl\\\/#website\"},\"primaryImageOfPage\":{\"@id\":\"https:\\\/\\\/prowebsolutions.nl\\\/diensten\\\/#primaryimage\"},\"image\":{\"@id\":\"https:\\\/\\\/prowebsolutions.nl\\\/diensten\\\/#primaryimage\"},\"thumbnailUrl\":\"https:\\\/\\\/prowebsolutions.nl\\\/wp-content\\\/uploads\\\/2025\\\/05\\\/web-design.png\",\"datePublished\":\"2025-05-27T13:51:14+00:00\",\"dateModified\":\"2025-06-02T14:24:06+00:00\",\"breadcrumb\":{\"@id\":\"https:\\\/\\\/prowebsolutions.nl\\\/diensten\\\/#breadcrumb\"},\"inLanguage\":\"nl-NL\",\"potentialAction\":[{\"@type\":\"ReadAction\",\"target\":[\"https:\\\/\\\/prowebsolutions.nl\\\/diensten\\\/\"]}]},{\"@type\":\"ImageObject\",\"inLanguage\":\"nl-NL\",\"@id\":\"https:\\\/\\\/prowebsolutions.nl\\\/diensten\\\/#primaryimage\",\"url\":\"https:\\\/\\\/prowebsolutions.nl\\\/wp-content\\\/uploads\\\/2025\\\/05\\\/web-design.png\",\"contentUrl\":\"https:\\\/\\\/prowebsolutions.nl\\\/wp-content\\\/uploads\\\/2025\\\/05\\\/web-design.png\"},{\"@type\":\"BreadcrumbList\",\"@id\":\"https:\\\/\\\/prowebsolutions.nl\\\/diensten\\\/#breadcrumb\",\"itemListElement\":[{\"@type\":\"ListItem\",\"position\":1,\"name\":\"Strona g\u0142\u00f3wna\",\"item\":\"https:\\\/\\\/prowebsolutions.nl\\\/\"},{\"@type\":\"ListItem\",\"position\":2,\"name\":\"Us\u0142ugi\"}]},{\"@type\":\"WebSite\",\"@id\":\"https:\\\/\\\/prowebsolutions.nl\\\/#website\",\"url\":\"https:\\\/\\\/prowebsolutions.nl\\\/\",\"name\":\"Professional Web Solutions\",\"description\":\"Do ka\u017cdego problemu podchodzimy indywidualnie\",\"publisher\":{\"@id\":\"https:\\\/\\\/prowebsolutions.nl\\\/#organization\"},\"potentialAction\":[{\"@type\":\"SearchAction\",\"target\":{\"@type\":\"EntryPoint\",\"urlTemplate\":\"https:\\\/\\\/prowebsolutions.nl\\\/?s={search_term_string}\"},\"query-input\":{\"@type\":\"PropertyValueSpecification\",\"valueRequired\":true,\"valueName\":\"search_term_string\"}}],\"inLanguage\":\"nl-NL\"},{\"@type\":\"Organization\",\"@id\":\"https:\\\/\\\/prowebsolutions.nl\\\/#organization\",\"name\":\"Professional Web Solutions\",\"url\":\"https:\\\/\\\/prowebsolutions.nl\\\/\",\"logo\":{\"@type\":\"ImageObject\",\"inLanguage\":\"nl-NL\",\"@id\":\"https:\\\/\\\/prowebsolutions.nl\\\/#\\\/schema\\\/logo\\\/image\\\/\",\"url\":\"https:\\\/\\\/prowebsolutions.nl\\\/wp-content\\\/uploads\\\/2025\\\/05\\\/Professional-268-x-220-px.png\",\"contentUrl\":\"https:\\\/\\\/prowebsolutions.nl\\\/wp-content\\\/uploads\\\/2025\\\/05\\\/Professional-268-x-220-px.png\",\"width\":268,\"height\":220,\"caption\":\"Professional Web Solutions\"},\"image\":{\"@id\":\"https:\\\/\\\/prowebsolutions.nl\\\/#\\\/schema\\\/logo\\\/image\\\/\"}}]}<\/script>\n<!-- \/ Yoast SEO plugin. -->","yoast_head_json":{"title":"Us\u0142ugi - Professional Web Solutions","robots":{"index":"index","follow":"follow","max-snippet":"max-snippet:-1","max-image-preview":"max-image-preview:large","max-video-preview":"max-video-preview:-1"},"canonical":"https:\/\/prowebsolutions.nl\/nl\/diensten\/","og_locale":"nl_NL","og_type":"article","og_title":"Us\u0142ugi - Professional Web Solutions","og_description":"Strony internetowe Nowoczesne i w pe\u0142ni responsywne witryny tworzone na bazie WordPress i zapewniaj\u0105 intuicyjny panel zarz\u0105dzania oraz wsparcie techniczne po uruchomieniu.\u00a0 Czytaj wi\u0119cej Sklepy internetowe Profesjonalne sklepy internetowe oparte na WordPress, WooCommerce, gwarantuj\u0105ce intuicyjne zarz\u0105dzanie asortymentem, szybkie \u0142adowanie oraz pe\u0142n\u0105 integracj\u0119 z systemami p\u0142atno\u015bci. Czytaj wi\u0119cej Bezpiecze\u0144stwo Bezpieczne po\u0142\u0105czenia HTTPS dzi\u0119ki certyfikatowi SSL oraz [&hellip;]","og_url":"https:\/\/prowebsolutions.nl\/nl\/diensten\/","og_site_name":"Professional Web Solutions","article_modified_time":"2025-06-02T14:24:06+00:00","og_image":[{"url":"https:\/\/prowebsolutions.nl\/wp-content\/uploads\/2025\/05\/web-design.png","type":"","width":"","height":""}],"twitter_card":"summary_large_image","twitter_misc":{"Geschatte leestijd":"2 minuten"},"schema":{"@context":"https:\/\/schema.org","@graph":[{"@type":"WebPage","@id":"https:\/\/prowebsolutions.nl\/diensten\/","url":"https:\/\/prowebsolutions.nl\/diensten\/","name":"Us\u0142ugi - Professional Web Solutions","isPartOf":{"@id":"https:\/\/prowebsolutions.nl\/#website"},"primaryImageOfPage":{"@id":"https:\/\/prowebsolutions.nl\/diensten\/#primaryimage"},"image":{"@id":"https:\/\/prowebsolutions.nl\/diensten\/#primaryimage"},"thumbnailUrl":"https:\/\/prowebsolutions.nl\/wp-content\/uploads\/2025\/05\/web-design.png","datePublished":"2025-05-27T13:51:14+00:00","dateModified":"2025-06-02T14:24:06+00:00","breadcrumb":{"@id":"https:\/\/prowebsolutions.nl\/diensten\/#breadcrumb"},"inLanguage":"nl-NL","potentialAction":[{"@type":"ReadAction","target":["https:\/\/prowebsolutions.nl\/diensten\/"]}]},{"@type":"ImageObject","inLanguage":"nl-NL","@id":"https:\/\/prowebsolutions.nl\/diensten\/#primaryimage","url":"https:\/\/prowebsolutions.nl\/wp-content\/uploads\/2025\/05\/web-design.png","contentUrl":"https:\/\/prowebsolutions.nl\/wp-content\/uploads\/2025\/05\/web-design.png"},{"@type":"BreadcrumbList","@id":"https:\/\/prowebsolutions.nl\/diensten\/#breadcrumb","itemListElement":[{"@type":"ListItem","position":1,"name":"Strona g\u0142\u00f3wna","item":"https:\/\/prowebsolutions.nl\/"},{"@type":"ListItem","position":2,"name":"Us\u0142ugi"}]},{"@type":"WebSite","@id":"https:\/\/prowebsolutions.nl\/#website","url":"https:\/\/prowebsolutions.nl\/","name":"Professional Web Solutions","description":"Do ka\u017cdego problemu podchodzimy indywidualnie","publisher":{"@id":"https:\/\/prowebsolutions.nl\/#organization"},"potentialAction":[{"@type":"SearchAction","target":{"@type":"EntryPoint","urlTemplate":"https:\/\/prowebsolutions.nl\/?s={search_term_string}"},"query-input":{"@type":"PropertyValueSpecification","valueRequired":true,"valueName":"search_term_string"}}],"inLanguage":"nl-NL"},{"@type":"Organization","@id":"https:\/\/prowebsolutions.nl\/#organization","name":"Professional Web Solutions","url":"https:\/\/prowebsolutions.nl\/","logo":{"@type":"ImageObject","inLanguage":"nl-NL","@id":"https:\/\/prowebsolutions.nl\/#\/schema\/logo\/image\/","url":"https:\/\/prowebsolutions.nl\/wp-content\/uploads\/2025\/05\/Professional-268-x-220-px.png","contentUrl":"https:\/\/prowebsolutions.nl\/wp-content\/uploads\/2025\/05\/Professional-268-x-220-px.png","width":268,"height":220,"caption":"Professional Web Solutions"},"image":{"@id":"https:\/\/prowebsolutions.nl\/#\/schema\/logo\/image\/"}}]}},"_links":{"self":[{"href":"https:\/\/prowebsolutions.nl\/nl\/wp-json\/wp\/v2\/pages\/179","targetHints":{"allow":["GET"]}}],"collection":[{"href":"https:\/\/prowebsolutions.nl\/nl\/wp-json\/wp\/v2\/pages"}],"about":[{"href":"https:\/\/prowebsolutions.nl\/nl\/wp-json\/wp\/v2\/types\/page"}],"author":[{"embeddable":true,"href":"https:\/\/prowebsolutions.nl\/nl\/wp-json\/wp\/v2\/users\/1"}],"replies":[{"embeddable":true,"href":"https:\/\/prowebsolutions.nl\/nl\/wp-json\/wp\/v2\/comments?post=179"}],"version-history":[{"count":0,"href":"https:\/\/prowebsolutions.nl\/nl\/wp-json\/wp\/v2\/pages\/179\/revisions"}],"wp:attachment":[{"href":"https:\/\/prowebsolutions.nl\/nl\/wp-json\/wp\/v2\/media?parent=179"}],"curies":[{"name":"wp","href":"https:\/\/api.w.org\/{rel}","templated":true}]}}