{"id":188,"date":"2025-05-27T13:51:15","date_gmt":"2025-05-27T13:51:15","guid":{"rendered":"https:\/\/prowebsolutions.nl\/contact\/"},"modified":"2025-06-03T10:28:24","modified_gmt":"2025-06-03T10:28:24","slug":"contact","status":"publish","type":"page","link":"https:\/\/prowebsolutions.nl\/nl\/contact\/","title":{"rendered":"Contact Informatie"},"content":{"rendered":"\t\t<div data-elementor-type=\"wp-page\" data-elementor-id=\"188\" class=\"elementor elementor-188\" data-elementor-post-type=\"page\">\n\t\t\t\t<div data-particle_enable=\"false\" data-particle-mobile-disabled=\"false\" class=\"elementor-element elementor-element-cd035c0 e-flex e-con-boxed e-con e-parent\" data-id=\"cd035c0\" data-element_type=\"container\" data-e-type=\"container\" id=\"contact\" data-settings=\"{&quot;background_background&quot;:&quot;classic&quot;}\">\n\t\t\t\t\t<div class=\"e-con-inner\">\n\t\t<div data-particle_enable=\"false\" data-particle-mobile-disabled=\"false\" class=\"elementor-element elementor-element-1bbc115 e-con-full e-flex e-con e-child\" data-id=\"1bbc115\" data-element_type=\"container\" data-e-type=\"container\">\n\t\t<div data-particle_enable=\"false\" data-particle-mobile-disabled=\"false\" class=\"elementor-element elementor-element-68d3fe9 e-con-full e-flex e-con e-child\" data-id=\"68d3fe9\" data-element_type=\"container\" data-e-type=\"container\">\n\t\t\t\t<div class=\"elementor-element elementor-element-66f9682 elementor-widget elementor-widget-heading\" data-id=\"66f9682\" data-element_type=\"widget\" data-e-type=\"widget\" data-widget_type=\"heading.default\">\n\t\t\t\t<div class=\"elementor-widget-container\">\n\t\t\t\t\t<h2 class=\"elementor-heading-title elementor-size-default\">Skontaktuj si\u0119 z nami<\/h2>\t\t\t\t<\/div>\n\t\t\t\t<\/div>\n\t\t\t\t<\/div>\n\t\t\t\t<\/div>\n\t\t<div data-particle_enable=\"false\" data-particle-mobile-disabled=\"false\" class=\"elementor-element elementor-element-7e09f7b e-con-full e-flex e-con e-child\" data-id=\"7e09f7b\" data-element_type=\"container\" data-e-type=\"container\">\n\t\t<div data-particle_enable=\"false\" data-particle-mobile-disabled=\"false\" class=\"elementor-element elementor-element-88ef646 e-con-full e-flex e-con e-child\" data-id=\"88ef646\" data-element_type=\"container\" data-e-type=\"container\">\n\t\t\t\t<div class=\"elementor-element elementor-element-5746674 eael-infobox-content-align--center eael-infobox-shape-square eael-infobox-hover-img-shape-square elementor-invisible elementor-widget elementor-widget-eael-info-box\" data-id=\"5746674\" data-element_type=\"widget\" data-e-type=\"widget\" data-settings=\"{&quot;_animation&quot;:&quot;zoomIn&quot;}\" data-widget_type=\"eael-info-box.default\">\n\t\t\t\t<div class=\"elementor-widget-container\">\n\t\t\t\t\t        <div class=\"eael-infobox icon-on-top\">\n\t            <div class=\"infobox-icon\">\n\n                            <img decoding=\"async\" src=\"https:\/\/prowebsolutions.nl\/wp-content\/uploads\/2025\/05\/4a3f6773-frame-11119.png\" alt=\"\">\n            \n            \n            \n        <\/div>\n            <div class=\"infobox-content\">\n                    <div class=\"infobox-title-section\">\n                <h2 class=\"title\">Biuro<\/h2>            <\/div>\n            <div><p>Berghemseweg 50 b<br \/>5348 CJ OSS<\/p><\/div>        <\/div>\n            <\/div>\n\n\t\t\t\t\t\t<\/div>\n\t\t\t\t<\/div>\n\t\t\t\t<\/div>\n\t\t<div data-particle_enable=\"false\" data-particle-mobile-disabled=\"false\" class=\"elementor-element elementor-element-6b839f6 e-con-full e-flex e-con e-child\" data-id=\"6b839f6\" data-element_type=\"container\" data-e-type=\"container\">\n\t\t\t\t<div class=\"elementor-element elementor-element-a2c03d3 eael-infobox-content-align--center eael-infobox-shape-square eael-infobox-hover-img-shape-square elementor-invisible elementor-widget elementor-widget-eael-info-box\" data-id=\"a2c03d3\" data-element_type=\"widget\" data-e-type=\"widget\" data-settings=\"{&quot;_animation&quot;:&quot;zoomIn&quot;}\" data-widget_type=\"eael-info-box.default\">\n\t\t\t\t<div class=\"elementor-widget-container\">\n\t\t\t\t\t        <div class=\"eael-infobox icon-on-top\">\n\t            <div class=\"infobox-icon\">\n\n                            <img decoding=\"async\" src=\"https:\/\/prowebsolutions.nl\/wp-content\/uploads\/2025\/05\/b3b89fb7-icons.png\" alt=\"\">\n            \n            \n            \n        <\/div>\n            <div class=\"infobox-content\">\n                    <div class=\"infobox-title-section\">\n                <h2 class=\"title\">Godziny otwarcia<\/h2>            <\/div>\n            <div><p>Pon \u2013 Sb<\/p><p>08:00 \u2013 18:00\u00a0<\/p><\/div>        <\/div>\n            <\/div>\n\n\t\t\t\t\t\t<\/div>\n\t\t\t\t<\/div>\n\t\t\t\t<\/div>\n\t\t<div data-particle_enable=\"false\" data-particle-mobile-disabled=\"false\" class=\"elementor-element elementor-element-a4d11ed e-con-full e-flex e-con e-child\" data-id=\"a4d11ed\" data-element_type=\"container\" data-e-type=\"container\">\n\t\t\t\t<div class=\"elementor-element elementor-element-ed3031d eael-infobox-content-align--center eael-infobox-shape-square eael-infobox-hover-img-shape-square elementor-invisible elementor-widget elementor-widget-eael-info-box\" data-id=\"ed3031d\" data-element_type=\"widget\" data-e-type=\"widget\" data-settings=\"{&quot;_animation&quot;:&quot;zoomIn&quot;}\" data-widget_type=\"eael-info-box.default\">\n\t\t\t\t<div class=\"elementor-widget-container\">\n\t\t\t\t\t            <a href=\"mailto:info@prowebsolutions.nl\">\n\t            <div class=\"eael-infobox icon-on-top\">\n\t            <div class=\"infobox-icon\">\n\n                            <img decoding=\"async\" src=\"https:\/\/prowebsolutions.nl\/wp-content\/uploads\/2025\/05\/8c0ab617-frame-11120.png\" alt=\"\">\n            \n            \n            \n        <\/div>\n            <div class=\"infobox-content\">\n                    <div class=\"infobox-title-section\">\n                <h2 class=\"title\">Email<\/h2>            <\/div>\n            <div><p>info@prowebsolutions.nl<\/p><\/div>        <\/div>\n            <\/div>\n\n\t\t            <\/a>\n\t\t\t\t\t\t<\/div>\n\t\t\t\t<\/div>\n\t\t\t\t<\/div>\n\t\t<div data-particle_enable=\"false\" data-particle-mobile-disabled=\"false\" class=\"elementor-element elementor-element-e96df54 e-con-full e-flex e-con e-child\" data-id=\"e96df54\" data-element_type=\"container\" data-e-type=\"container\">\n\t\t\t\t<div class=\"elementor-element elementor-element-a67e374 eael-infobox-content-align--center eael-infobox-shape-square eael-infobox-hover-img-shape-square elementor-invisible elementor-widget elementor-widget-eael-info-box\" data-id=\"a67e374\" data-element_type=\"widget\" data-e-type=\"widget\" data-settings=\"{&quot;_animation&quot;:&quot;zoomIn&quot;}\" data-widget_type=\"eael-info-box.default\">\n\t\t\t\t<div class=\"elementor-widget-container\">\n\t\t\t\t\t            <a href=\"tel:0649849238\">\n\t            <div class=\"eael-infobox icon-on-top\">\n\t            <div class=\"infobox-icon\">\n\n                            <img decoding=\"async\" src=\"https:\/\/prowebsolutions.nl\/wp-content\/uploads\/2025\/05\/58bf2287-frame.png\" alt=\"\">\n            \n            \n            \n        <\/div>\n            <div class=\"infobox-content\">\n                    <div class=\"infobox-title-section\">\n                <h2 class=\"title\">Phone<\/h2>            <\/div>\n            <div><p>+31 649849238<\/p><\/div>        <\/div>\n            <\/div>\n\n\t\t            <\/a>\n\t\t\t\t\t\t<\/div>\n\t\t\t\t<\/div>\n\t\t\t\t<\/div>\n\t\t\t\t<\/div>\n\t\t\t\t\t<\/div>\n\t\t\t\t<\/div>\n\t\t<div data-particle_enable=\"false\" data-particle-mobile-disabled=\"false\" class=\"elementor-element elementor-element-a44def9 e-flex e-con-boxed e-con e-parent\" data-id=\"a44def9\" data-element_type=\"container\" data-e-type=\"container\">\n\t\t\t\t\t<div class=\"e-con-inner\">\n\t\t<div data-particle_enable=\"false\" data-particle-mobile-disabled=\"false\" class=\"elementor-element elementor-element-4dc8582 e-con-full e-flex e-con e-child\" data-id=\"4dc8582\" data-element_type=\"container\" data-e-type=\"container\">\n\t\t<div data-particle_enable=\"false\" data-particle-mobile-disabled=\"false\" class=\"elementor-element elementor-element-a7bd03e e-con-full e-flex e-con e-child\" data-id=\"a7bd03e\" data-element_type=\"container\" data-e-type=\"container\">\n\t\t\t\t<div class=\"elementor-element elementor-element-5afb112 elementor-widget elementor-widget-heading\" data-id=\"5afb112\" data-element_type=\"widget\" data-e-type=\"widget\" data-widget_type=\"heading.default\">\n\t\t\t\t<div class=\"elementor-widget-container\">\n\t\t\t\t\t<h2 class=\"elementor-heading-title elementor-size-default\">Prze\u015blij nam te\u017c zdj\u0119cia!<\/h2>\t\t\t\t<\/div>\n\t\t\t\t<\/div>\n\t\t\t\t<\/div>\n\t\t\t\t<div class=\"elementor-element elementor-element-4c32a88 elementor-button-align-start elementor-widget elementor-widget-form\" data-id=\"4c32a88\" data-element_type=\"widget\" data-e-type=\"widget\" data-settings=\"{&quot;button_width&quot;:&quot;50&quot;,&quot;step_next_label&quot;:&quot;Next&quot;,&quot;step_previous_label&quot;:&quot;Previous&quot;,&quot;step_type&quot;:&quot;number_text&quot;,&quot;step_icon_shape&quot;:&quot;circle&quot;}\" data-widget_type=\"form.default\">\n\t\t\t\t<div class=\"elementor-widget-container\">\n\t\t\t\t\t\t\t<form class=\"elementor-form\" method=\"post\" id=\"contact_form\" name=\"New Form\" aria-label=\"New Form\">\n\t\t\t<input type=\"hidden\" name=\"post_id\" value=\"188\"\/>\n\t\t\t<input type=\"hidden\" name=\"form_id\" value=\"4c32a88\"\/>\n\t\t\t<input type=\"hidden\" name=\"referer_title\" value=\"Kontakt - Professional Web Solutions\" \/>\n\n\t\t\t\t\t\t\t<input type=\"hidden\" name=\"queried_id\" value=\"188\"\/>\n\t\t\t\n\t\t\t<div class=\"elementor-form-fields-wrapper elementor-labels-\">\n\t\t\t\t\t\t\t\t<div class=\"elementor-field-type-text elementor-field-group elementor-column elementor-field-group-name elementor-col-50\">\n\t\t\t\t\t\t\t\t\t\t\t\t<label for=\"form-field-name\" class=\"elementor-field-label elementor-screen-only\">\n\t\t\t\t\t\t\t\tImie\t\t\t\t\t\t\t<\/label>\n\t\t\t\t\t\t\t\t\t\t\t\t\t\t<input size=\"1\" type=\"text\" name=\"form_fields[name]\" id=\"form-field-name\" class=\"elementor-field elementor-size-lg  elementor-field-textual\" placeholder=\"Imie\">\n\t\t\t\t\t\t\t\t\t\t\t<\/div>\n\t\t\t\t\t\t\t\t<div class=\"elementor-field-type-text elementor-field-group elementor-column elementor-field-group-field_dde7657 elementor-col-50\">\n\t\t\t\t\t\t\t\t\t\t\t\t<label for=\"form-field-field_dde7657\" class=\"elementor-field-label elementor-screen-only\">\n\t\t\t\t\t\t\t\tNazwisko\t\t\t\t\t\t\t<\/label>\n\t\t\t\t\t\t\t\t\t\t\t\t\t\t<input size=\"1\" type=\"text\" name=\"form_fields[field_dde7657]\" id=\"form-field-field_dde7657\" class=\"elementor-field elementor-size-lg  elementor-field-textual\" placeholder=\"Nazwisko\">\n\t\t\t\t\t\t\t\t\t\t\t<\/div>\n\t\t\t\t\t\t\t\t<div class=\"elementor-field-type-email elementor-field-group elementor-column elementor-field-group-email elementor-col-50 elementor-field-required\">\n\t\t\t\t\t\t\t\t\t\t\t\t<label for=\"form-field-email\" class=\"elementor-field-label elementor-screen-only\">\n\t\t\t\t\t\t\t\tEmail\t\t\t\t\t\t\t<\/label>\n\t\t\t\t\t\t\t\t\t\t\t\t\t\t<input size=\"1\" type=\"email\" name=\"form_fields[email]\" id=\"form-field-email\" class=\"elementor-field elementor-size-lg  elementor-field-textual\" placeholder=\"Email*\" required=\"required\">\n\t\t\t\t\t\t\t\t\t\t\t<\/div>\n\t\t\t\t\t\t\t\t<div class=\"elementor-field-type-text elementor-field-group elementor-column elementor-field-group-field_7971ac3 elementor-col-50\">\n\t\t\t\t\t\t\t\t\t\t\t\t<label for=\"form-field-field_7971ac3\" class=\"elementor-field-label elementor-screen-only\">\n\t\t\t\t\t\t\t\tTemat\t\t\t\t\t\t\t<\/label>\n\t\t\t\t\t\t\t\t\t\t\t\t\t\t<input size=\"1\" type=\"text\" name=\"form_fields[field_7971ac3]\" id=\"form-field-field_7971ac3\" class=\"elementor-field elementor-size-lg  elementor-field-textual\" placeholder=\"Temat\">\n\t\t\t\t\t\t\t\t\t\t\t<\/div>\n\t\t\t\t\t\t\t\t<div class=\"elementor-field-type-textarea elementor-field-group elementor-column elementor-field-group-message elementor-col-100\">\n\t\t\t\t\t\t\t\t\t\t\t\t<label for=\"form-field-message\" class=\"elementor-field-label elementor-screen-only\">\n\t\t\t\t\t\t\t\tWiadmo\u015b\u0107\t\t\t\t\t\t\t<\/label>\n\t\t\t\t\t\t<textarea class=\"elementor-field-textual elementor-field  elementor-size-lg\" name=\"form_fields[message]\" id=\"form-field-message\" rows=\"6\" placeholder=\"Wiadmo\u015b\u0107\"><\/textarea>\t\t\t\t<\/div>\n\t\t\t\t\t\t\t\t<div class=\"elementor-field-type-upload elementor-field-group elementor-column elementor-field-group-images elementor-col-100\">\n\t\t\t\t\t\t\t<input type=\"file\" name=\"form_fields[images][]\" id=\"form-field-images\" class=\"elementor-field elementor-size-lg  elementor-upload-field\" multiple=\"multiple\">\n\n\t\t\t\t\t\t<\/div>\n\t\t\t\t\t\t\t\t<div class=\"elementor-field-group elementor-column elementor-field-type-submit elementor-col-50 e-form__buttons\">\n\t\t\t\t\t<button class=\"elementor-button elementor-size-sm\" type=\"submit\">\n\t\t\t\t\t\t<span class=\"elementor-button-content-wrapper\">\n\t\t\t\t\t\t\t\t\t\t\t\t\t\t\t\t\t\t\t\t\t\t<span class=\"elementor-button-text\">Wy\u015blij<\/span>\n\t\t\t\t\t\t\t\t\t\t\t\t\t<\/span>\n\t\t\t\t\t<\/button>\n\t\t\t\t<\/div>\n\t\t\t<\/div>\n\t\t<\/form>\n\t\t\t\t\t\t<\/div>\n\t\t\t\t<\/div>\n\t\t\t\t<\/div>\n\t\t\t\t\t<\/div>\n\t\t\t\t<\/div>\n\t\t<div data-particle_enable=\"false\" data-particle-mobile-disabled=\"false\" class=\"elementor-element elementor-element-efafc54 e-flex e-con-boxed e-con e-parent\" data-id=\"efafc54\" data-element_type=\"container\" data-e-type=\"container\">\n\t\t\t\t\t<div class=\"e-con-inner\">\n\t\t<div data-particle_enable=\"false\" data-particle-mobile-disabled=\"false\" class=\"elementor-element elementor-element-20c94ad e-con-full e-flex e-con e-child\" data-id=\"20c94ad\" data-element_type=\"container\" data-e-type=\"container\">\n\t\t\t\t<div class=\"elementor-element elementor-element-beaeb13 elementor-invisible elementor-widget elementor-widget-google_maps\" data-id=\"beaeb13\" data-element_type=\"widget\" data-e-type=\"widget\" data-settings=\"{&quot;_animation&quot;:&quot;fadeInUp&quot;}\" data-widget_type=\"google_maps.default\">\n\t\t\t\t<div class=\"elementor-widget-container\">\n\t\t\t\t\t\t\t<div class=\"elementor-custom-embed\">\n\t\t\t<iframe loading=\"lazy\"\n\t\t\t\t\tsrc=\"https:\/\/maps.google.com\/maps?q=Berghemseweg%2050b&#038;t=m&#038;z=16&#038;output=embed&#038;iwloc=near\"\n\t\t\t\t\ttitle=\"Berghemseweg 50b\"\n\t\t\t\t\taria-label=\"Berghemseweg 50b\"\n\t\t\t><\/iframe>\n\t\t<\/div>\n\t\t\t\t\t\t<\/div>\n\t\t\t\t<\/div>\n\t\t\t\t<\/div>\n\t\t\t\t\t<\/div>\n\t\t\t\t<\/div>\n\t\t\t\t<\/div>\n\t\t","protected":false},"excerpt":{"rendered":"<p>Skontaktuj si\u0119 z nami Biuro Berghemseweg 50 b5348 CJ OSS Godziny otwarcia Pon \u2013 Sb 08:00 \u2013 18:00\u00a0 Email info@prowebsolutions.nl Phone +31 649849238 Prze\u015blij nam te\u017c zdj\u0119cia!<\/p>","protected":false},"author":1,"featured_media":0,"parent":0,"menu_order":0,"comment_status":"closed","ping_status":"closed","template":"elementor_header_footer","meta":{"_joinchat":[],"footnotes":""},"class_list":["post-188","page","type-page","status-publish","hentry"],"yoast_head":"<!-- This site is optimized with the Yoast SEO plugin v27.3 - https:\/\/yoast.com\/product\/yoast-seo-wordpress\/ -->\n<title>Kontakt - Professional Web Solutions<\/title>\n<meta name=\"robots\" content=\"index, follow, max-snippet:-1, max-image-preview:large, max-video-preview:-1\" \/>\n<link rel=\"canonical\" href=\"https:\/\/prowebsolutions.nl\/nl\/contact\/\" \/>\n<meta property=\"og:locale\" content=\"nl_NL\" \/>\n<meta property=\"og:type\" content=\"article\" \/>\n<meta property=\"og:title\" content=\"Kontakt - Professional Web Solutions\" \/>\n<meta property=\"og:description\" content=\"Skontaktuj si\u0119 z nami Biuro Berghemseweg 50 b5348 CJ OSS Godziny otwarcia Pon \u2013 Sb 08:00 \u2013 18:00\u00a0 Email info@prowebsolutions.nl Phone +31 649849238 Prze\u015blij nam te\u017c zdj\u0119cia!\" \/>\n<meta property=\"og:url\" content=\"https:\/\/prowebsolutions.nl\/nl\/contact\/\" \/>\n<meta property=\"og:site_name\" content=\"Professional Web Solutions\" \/>\n<meta property=\"article:modified_time\" content=\"2025-06-03T10:28:24+00:00\" \/>\n<meta property=\"og:image\" content=\"https:\/\/prowebsolutions.nl\/wp-content\/uploads\/2025\/05\/4a3f6773-frame-11119.png\" \/>\n<meta name=\"twitter:card\" content=\"summary_large_image\" \/>\n<meta name=\"twitter:label1\" content=\"Geschatte leestijd\" \/>\n\t<meta name=\"twitter:data1\" content=\"1 minuut\" \/>\n<script type=\"application\/ld+json\" class=\"yoast-schema-graph\">{\"@context\":\"https:\\\/\\\/schema.org\",\"@graph\":[{\"@type\":\"WebPage\",\"@id\":\"https:\\\/\\\/prowebsolutions.nl\\\/contact\\\/\",\"url\":\"https:\\\/\\\/prowebsolutions.nl\\\/contact\\\/\",\"name\":\"Kontakt - Professional Web Solutions\",\"isPartOf\":{\"@id\":\"https:\\\/\\\/prowebsolutions.nl\\\/#website\"},\"primaryImageOfPage\":{\"@id\":\"https:\\\/\\\/prowebsolutions.nl\\\/contact\\\/#primaryimage\"},\"image\":{\"@id\":\"https:\\\/\\\/prowebsolutions.nl\\\/contact\\\/#primaryimage\"},\"thumbnailUrl\":\"https:\\\/\\\/prowebsolutions.nl\\\/wp-content\\\/uploads\\\/2025\\\/05\\\/4a3f6773-frame-11119.png\",\"datePublished\":\"2025-05-27T13:51:15+00:00\",\"dateModified\":\"2025-06-03T10:28:24+00:00\",\"breadcrumb\":{\"@id\":\"https:\\\/\\\/prowebsolutions.nl\\\/contact\\\/#breadcrumb\"},\"inLanguage\":\"nl-NL\",\"potentialAction\":[{\"@type\":\"ReadAction\",\"target\":[\"https:\\\/\\\/prowebsolutions.nl\\\/contact\\\/\"]}]},{\"@type\":\"ImageObject\",\"inLanguage\":\"nl-NL\",\"@id\":\"https:\\\/\\\/prowebsolutions.nl\\\/contact\\\/#primaryimage\",\"url\":\"https:\\\/\\\/prowebsolutions.nl\\\/wp-content\\\/uploads\\\/2025\\\/05\\\/4a3f6773-frame-11119.png\",\"contentUrl\":\"https:\\\/\\\/prowebsolutions.nl\\\/wp-content\\\/uploads\\\/2025\\\/05\\\/4a3f6773-frame-11119.png\"},{\"@type\":\"BreadcrumbList\",\"@id\":\"https:\\\/\\\/prowebsolutions.nl\\\/contact\\\/#breadcrumb\",\"itemListElement\":[{\"@type\":\"ListItem\",\"position\":1,\"name\":\"Strona g\u0142\u00f3wna\",\"item\":\"https:\\\/\\\/prowebsolutions.nl\\\/\"},{\"@type\":\"ListItem\",\"position\":2,\"name\":\"Kontakt\"}]},{\"@type\":\"WebSite\",\"@id\":\"https:\\\/\\\/prowebsolutions.nl\\\/#website\",\"url\":\"https:\\\/\\\/prowebsolutions.nl\\\/\",\"name\":\"Professional Web Solutions\",\"description\":\"Do ka\u017cdego problemu podchodzimy indywidualnie\",\"publisher\":{\"@id\":\"https:\\\/\\\/prowebsolutions.nl\\\/#organization\"},\"potentialAction\":[{\"@type\":\"SearchAction\",\"target\":{\"@type\":\"EntryPoint\",\"urlTemplate\":\"https:\\\/\\\/prowebsolutions.nl\\\/?s={search_term_string}\"},\"query-input\":{\"@type\":\"PropertyValueSpecification\",\"valueRequired\":true,\"valueName\":\"search_term_string\"}}],\"inLanguage\":\"nl-NL\"},{\"@type\":\"Organization\",\"@id\":\"https:\\\/\\\/prowebsolutions.nl\\\/#organization\",\"name\":\"Professional Web Solutions\",\"url\":\"https:\\\/\\\/prowebsolutions.nl\\\/\",\"logo\":{\"@type\":\"ImageObject\",\"inLanguage\":\"nl-NL\",\"@id\":\"https:\\\/\\\/prowebsolutions.nl\\\/#\\\/schema\\\/logo\\\/image\\\/\",\"url\":\"https:\\\/\\\/prowebsolutions.nl\\\/wp-content\\\/uploads\\\/2025\\\/05\\\/Professional-268-x-220-px.png\",\"contentUrl\":\"https:\\\/\\\/prowebsolutions.nl\\\/wp-content\\\/uploads\\\/2025\\\/05\\\/Professional-268-x-220-px.png\",\"width\":268,\"height\":220,\"caption\":\"Professional Web Solutions\"},\"image\":{\"@id\":\"https:\\\/\\\/prowebsolutions.nl\\\/#\\\/schema\\\/logo\\\/image\\\/\"}}]}<\/script>\n<!-- \/ Yoast SEO plugin. -->","yoast_head_json":{"title":"Kontakt - Professional Web Solutions","robots":{"index":"index","follow":"follow","max-snippet":"max-snippet:-1","max-image-preview":"max-image-preview:large","max-video-preview":"max-video-preview:-1"},"canonical":"https:\/\/prowebsolutions.nl\/nl\/contact\/","og_locale":"nl_NL","og_type":"article","og_title":"Kontakt - Professional Web Solutions","og_description":"Skontaktuj si\u0119 z nami Biuro Berghemseweg 50 b5348 CJ OSS Godziny otwarcia Pon \u2013 Sb 08:00 \u2013 18:00\u00a0 Email info@prowebsolutions.nl Phone +31 649849238 Prze\u015blij nam te\u017c zdj\u0119cia!","og_url":"https:\/\/prowebsolutions.nl\/nl\/contact\/","og_site_name":"Professional Web Solutions","article_modified_time":"2025-06-03T10:28:24+00:00","og_image":[{"url":"https:\/\/prowebsolutions.nl\/wp-content\/uploads\/2025\/05\/4a3f6773-frame-11119.png","type":"","width":"","height":""}],"twitter_card":"summary_large_image","twitter_misc":{"Geschatte leestijd":"1 minuut"},"schema":{"@context":"https:\/\/schema.org","@graph":[{"@type":"WebPage","@id":"https:\/\/prowebsolutions.nl\/contact\/","url":"https:\/\/prowebsolutions.nl\/contact\/","name":"Kontakt - Professional Web Solutions","isPartOf":{"@id":"https:\/\/prowebsolutions.nl\/#website"},"primaryImageOfPage":{"@id":"https:\/\/prowebsolutions.nl\/contact\/#primaryimage"},"image":{"@id":"https:\/\/prowebsolutions.nl\/contact\/#primaryimage"},"thumbnailUrl":"https:\/\/prowebsolutions.nl\/wp-content\/uploads\/2025\/05\/4a3f6773-frame-11119.png","datePublished":"2025-05-27T13:51:15+00:00","dateModified":"2025-06-03T10:28:24+00:00","breadcrumb":{"@id":"https:\/\/prowebsolutions.nl\/contact\/#breadcrumb"},"inLanguage":"nl-NL","potentialAction":[{"@type":"ReadAction","target":["https:\/\/prowebsolutions.nl\/contact\/"]}]},{"@type":"ImageObject","inLanguage":"nl-NL","@id":"https:\/\/prowebsolutions.nl\/contact\/#primaryimage","url":"https:\/\/prowebsolutions.nl\/wp-content\/uploads\/2025\/05\/4a3f6773-frame-11119.png","contentUrl":"https:\/\/prowebsolutions.nl\/wp-content\/uploads\/2025\/05\/4a3f6773-frame-11119.png"},{"@type":"BreadcrumbList","@id":"https:\/\/prowebsolutions.nl\/contact\/#breadcrumb","itemListElement":[{"@type":"ListItem","position":1,"name":"Strona g\u0142\u00f3wna","item":"https:\/\/prowebsolutions.nl\/"},{"@type":"ListItem","position":2,"name":"Kontakt"}]},{"@type":"WebSite","@id":"https:\/\/prowebsolutions.nl\/#website","url":"https:\/\/prowebsolutions.nl\/","name":"Professional Web Solutions","description":"Do ka\u017cdego problemu podchodzimy indywidualnie","publisher":{"@id":"https:\/\/prowebsolutions.nl\/#organization"},"potentialAction":[{"@type":"SearchAction","target":{"@type":"EntryPoint","urlTemplate":"https:\/\/prowebsolutions.nl\/?s={search_term_string}"},"query-input":{"@type":"PropertyValueSpecification","valueRequired":true,"valueName":"search_term_string"}}],"inLanguage":"nl-NL"},{"@type":"Organization","@id":"https:\/\/prowebsolutions.nl\/#organization","name":"Professional Web Solutions","url":"https:\/\/prowebsolutions.nl\/","logo":{"@type":"ImageObject","inLanguage":"nl-NL","@id":"https:\/\/prowebsolutions.nl\/#\/schema\/logo\/image\/","url":"https:\/\/prowebsolutions.nl\/wp-content\/uploads\/2025\/05\/Professional-268-x-220-px.png","contentUrl":"https:\/\/prowebsolutions.nl\/wp-content\/uploads\/2025\/05\/Professional-268-x-220-px.png","width":268,"height":220,"caption":"Professional Web Solutions"},"image":{"@id":"https:\/\/prowebsolutions.nl\/#\/schema\/logo\/image\/"}}]}},"_links":{"self":[{"href":"https:\/\/prowebsolutions.nl\/nl\/wp-json\/wp\/v2\/pages\/188","targetHints":{"allow":["GET"]}}],"collection":[{"href":"https:\/\/prowebsolutions.nl\/nl\/wp-json\/wp\/v2\/pages"}],"about":[{"href":"https:\/\/prowebsolutions.nl\/nl\/wp-json\/wp\/v2\/types\/page"}],"author":[{"embeddable":true,"href":"https:\/\/prowebsolutions.nl\/nl\/wp-json\/wp\/v2\/users\/1"}],"replies":[{"embeddable":true,"href":"https:\/\/prowebsolutions.nl\/nl\/wp-json\/wp\/v2\/comments?post=188"}],"version-history":[{"count":0,"href":"https:\/\/prowebsolutions.nl\/nl\/wp-json\/wp\/v2\/pages\/188\/revisions"}],"wp:attachment":[{"href":"https:\/\/prowebsolutions.nl\/nl\/wp-json\/wp\/v2\/media?parent=188"}],"curies":[{"name":"wp","href":"https:\/\/api.w.org\/{rel}","templated":true}]}}