{"id":746,"date":"2025-06-02T09:36:02","date_gmt":"2025-06-02T09:36:02","guid":{"rendered":"https:\/\/prowebsolutions.nl\/?page_id=746"},"modified":"2025-06-02T10:34:23","modified_gmt":"2025-06-02T10:34:23","slug":"diensten-website","status":"publish","type":"page","link":"https:\/\/prowebsolutions.nl\/nl\/diensten\/diensten-website\/","title":{"rendered":"Websites"},"content":{"rendered":"<div data-elementor-type=\"wp-page\" data-elementor-id=\"746\" class=\"elementor elementor-746\" data-elementor-post-type=\"page\">\n\t\t\t\t<div data-particle_enable=\"false\" data-particle-mobile-disabled=\"false\" class=\"elementor-element elementor-element-1077f83 e-flex e-con-boxed e-con e-parent\" data-id=\"1077f83\" data-element_type=\"container\" data-e-type=\"container\" data-settings=\"{&quot;background_background&quot;:&quot;classic&quot;}\">\n\t\t\t\t\t<div class=\"e-con-inner\">\n\t\t<div data-particle_enable=\"false\" data-particle-mobile-disabled=\"false\" class=\"elementor-element elementor-element-0a9db5c e-con-full e-flex elementor-invisible e-con e-child\" data-id=\"0a9db5c\" data-element_type=\"container\" data-e-type=\"container\" data-settings=\"{&quot;background_background&quot;:&quot;classic&quot;,&quot;animation&quot;:&quot;fadeInLeft&quot;}\">\n\t\t<div data-particle_enable=\"false\" data-particle-mobile-disabled=\"false\" class=\"elementor-element elementor-element-b6d62b4 e-con-full e-flex e-con e-child\" data-id=\"b6d62b4\" data-element_type=\"container\" data-e-type=\"container\">\n\t\t\t\t<div class=\"elementor-element elementor-element-d48bf91 elementor-widget elementor-widget-image\" data-id=\"d48bf91\" data-element_type=\"widget\" data-e-type=\"widget\" data-widget_type=\"image.default\">\n\t\t\t\t<div class=\"elementor-widget-container\">\n\t\t\t\t\t\t\t\t\t\t\t\t\t\t\t<img fetchpriority=\"high\" decoding=\"async\" width=\"768\" height=\"512\" src=\"https:\/\/prowebsolutions.nl\/wp-content\/uploads\/2025\/06\/responsive-web-design2-768x512.jpg\" class=\"attachment-medium_large size-medium_large wp-image-761\" alt=\"\" srcset=\"https:\/\/prowebsolutions.nl\/wp-content\/uploads\/2025\/06\/responsive-web-design2-768x512.jpg 768w, https:\/\/prowebsolutions.nl\/wp-content\/uploads\/2025\/06\/responsive-web-design2-300x200.jpg 300w, https:\/\/prowebsolutions.nl\/wp-content\/uploads\/2025\/06\/responsive-web-design2-1024x683.jpg 1024w, https:\/\/prowebsolutions.nl\/wp-content\/uploads\/2025\/06\/responsive-web-design2-1536x1024.jpg 1536w, https:\/\/prowebsolutions.nl\/wp-content\/uploads\/2025\/06\/responsive-web-design2-2048x1365.jpg 2048w, https:\/\/prowebsolutions.nl\/wp-content\/uploads\/2025\/06\/responsive-web-design2-18x12.jpg 18w\" sizes=\"(max-width: 768px) 100vw, 768px\" \/>\t\t\t\t\t\t\t\t\t\t\t\t\t\t\t<\/div>\n\t\t\t\t<\/div>\n\t\t\t\t<\/div>\n\t\t\t\t<div class=\"elementor-element elementor-element-96fc402 elementor-widget elementor-widget-heading\" data-id=\"96fc402\" data-element_type=\"widget\" data-e-type=\"widget\" data-widget_type=\"heading.default\">\n\t\t\t\t<div class=\"elementor-widget-container\">\n\t\t\t\t\t<h2 class=\"elementor-heading-title elementor-size-default\">Professionele Web Solutions: De toekomst van uw online business\n<\/h2>\t\t\t\t<\/div>\n\t\t\t\t<\/div>\n\t\t\t\t<div class=\"elementor-element elementor-element-d4b5e99 elementor-widget elementor-widget-text-editor\" data-id=\"d4b5e99\" data-element_type=\"widget\" data-e-type=\"widget\" data-widget_type=\"text-editor.default\">\n\t\t\t\t<div class=\"elementor-widget-container\">\n\t\t\t\t\t\t\t\t\t<p>In het digitale tijdperk, online aanwezigheid is een integraal onderdeel van elke organisatie strategie. Onze websites, aangedreven door WordPress en Elementor Pro, een modern design in combinatie met een intu\u00eftieve besturing voor een volledige respons op mobiele apparaten.<\/p>\t\t\t\t\t\t\t\t<\/div>\n\t\t\t\t<\/div>\n\t\t\t\t<div class=\"elementor-element elementor-element-c2dd843 elementor-widget elementor-widget-text-editor\" data-id=\"c2dd843\" data-element_type=\"widget\" data-e-type=\"widget\" data-widget_type=\"text-editor.default\">\n\t\t\t\t<div class=\"elementor-widget-container\">\n\t\t\t\t\t\t\t\t\t<p>Techitok opvalt in de mogelijkheid te bieden een uitgebreid pakket aan IT-diensten, omvat alles van IT-consulting en cybersecurity, cloud-diensten en file servers. Het bedrijf maakt niet alleen het leveren van oplossingen; het ambacht strategische trajecten voor bedrijven succesvol kunnen zijn in het digitale tijdperk. Laten we dieper ingaan op de kern aanbod:<\/p>\t\t\t\t\t\t\t\t<\/div>\n\t\t\t\t<\/div>\n\t\t\t\t<div class=\"elementor-element elementor-element-0bb80c9 elementor-widget elementor-widget-text-editor\" data-id=\"0bb80c9\" data-element_type=\"widget\" data-e-type=\"widget\" data-widget_type=\"text-editor.default\">\n\t\t\t\t<div class=\"elementor-widget-container\">\n\t\t\t\t\t\t\t\t\t<p>Uw merk wordt aantrekkelijk, visueel consistente instellingen en snel laden, wat resulteert in een betere gebruikerservaring en een hogere conversie.<\/p>\t\t\t\t\t\t\t\t<\/div>\n\t\t\t\t<\/div>\n\t\t\t\t<\/div>\n\t\t<div data-particle_enable=\"false\" data-particle-mobile-disabled=\"false\" class=\"elementor-element elementor-element-9ed11ca e-con-full e-flex elementor-invisible e-con e-child\" data-id=\"9ed11ca\" data-element_type=\"container\" data-e-type=\"container\" data-settings=\"{&quot;background_background&quot;:&quot;classic&quot;,&quot;animation&quot;:&quot;fadeInRight&quot;}\">\n\t\t<div data-particle_enable=\"false\" data-particle-mobile-disabled=\"false\" class=\"elementor-element elementor-element-746e465 e-con-full e-flex e-con e-child\" data-id=\"746e465\" data-element_type=\"container\" data-e-type=\"container\">\n\t\t\t\t<div class=\"elementor-element elementor-element-c56ec85 elementor-widget elementor-widget-image\" data-id=\"c56ec85\" data-element_type=\"widget\" data-e-type=\"widget\" data-widget_type=\"image.default\">\n\t\t\t\t<div class=\"elementor-widget-container\">\n\t\t\t\t\t\t\t\t\t\t\t\t\t\t\t<img decoding=\"async\" width=\"610\" height=\"320\" src=\"https:\/\/prowebsolutions.nl\/wp-content\/uploads\/2024\/03\/3b32a9e8-frame-11129.jpg\" class=\"attachment-large size-large wp-image-115\" alt=\"\" srcset=\"https:\/\/prowebsolutions.nl\/wp-content\/uploads\/2024\/03\/3b32a9e8-frame-11129.jpg 610w, https:\/\/prowebsolutions.nl\/wp-content\/uploads\/2024\/03\/3b32a9e8-frame-11129-300x157.jpg 300w\" sizes=\"(max-width: 610px) 100vw, 610px\" \/>\t\t\t\t\t\t\t\t\t\t\t\t\t\t\t<\/div>\n\t\t\t\t<\/div>\n\t\t\t\t<div class=\"elementor-element elementor-element-9aaadaf elementor-widget elementor-widget-image\" data-id=\"9aaadaf\" data-element_type=\"widget\" data-e-type=\"widget\" data-widget_type=\"image.default\">\n\t\t\t\t<div class=\"elementor-widget-container\">\n\t\t\t\t\t\t\t\t\t\t\t\t\t\t\t<img decoding=\"async\" width=\"610\" height=\"320\" src=\"https:\/\/prowebsolutions.nl\/wp-content\/uploads\/2024\/03\/28311b6f-frame-11130.jpg\" class=\"attachment-large size-large wp-image-116\" alt=\"\" srcset=\"https:\/\/prowebsolutions.nl\/wp-content\/uploads\/2024\/03\/28311b6f-frame-11130.jpg 610w, https:\/\/prowebsolutions.nl\/wp-content\/uploads\/2024\/03\/28311b6f-frame-11130-300x157.jpg 300w\" sizes=\"(max-width: 610px) 100vw, 610px\" \/>\t\t\t\t\t\t\t\t\t\t\t\t\t\t\t<\/div>\n\t\t\t\t<\/div>\n\t\t\t\t<\/div>\n\t\t\t\t<div class=\"elementor-element elementor-element-1dcfac6 elementor-widget elementor-widget-heading\" data-id=\"1dcfac6\" data-element_type=\"widget\" data-e-type=\"widget\" data-widget_type=\"heading.default\">\n\t\t\t\t<div class=\"elementor-widget-container\">\n\t\t\t\t\t<h2 class=\"elementor-heading-title elementor-size-default\">Uitgebreide website creatie proces<\/h2>\t\t\t\t<\/div>\n\t\t\t\t<\/div>\n\t\t\t\t<div class=\"elementor-element elementor-element-459661f elementor-widget elementor-widget-text-editor\" data-id=\"459661f\" data-element_type=\"widget\" data-e-type=\"widget\" data-widget_type=\"text-editor.default\">\n\t\t\t\t<div class=\"elementor-widget-container\">\n\t\t\t\t\t\t\t\t\t<p>De eerste stap is een grondige analyse van de behoeften: we stellen de zakelijke doelstellingen, doelgroep, en de functionele eisen die door het afstemmen van de oplossing voor het budget en de verwachte planning. Op basis hiervan ontwikkelen we een sjabloon in Elementor Pro, het bewaken van de consistentie van kleuren, typografie en layout voor de inhoud.<\/p>\t\t\t\t\t\t\t\t<\/div>\n\t\t\t\t<\/div>\n\t\t\t\t<div class=\"elementor-element elementor-element-6c70fd6 elementor-widget elementor-widget-text-editor\" data-id=\"6c70fd6\" data-element_type=\"widget\" data-e-type=\"widget\" data-widget_type=\"text-editor.default\">\n\t\t\t\t<div class=\"elementor-widget-container\">\n\t\t\t\t\t\t\t\t\t<p>Klik vervolgens in de sectie ontwikkeling, wij de uitvoering van de geselecteerde plugins die garantie voor de veiligheid, de prestaties, en eenvoudig content management. De menu structuur, Bladwijzers, en mogelijk blog zijn juist geconfigureerd zodat de gebruiker kan navigeren door de pagina zonder onnodige klikken. SEO optimalisatie is ook een belangrijk element: wij voeren trefwoord audits, het optimaliseren van meta-tags en vriendelijke Url &#039; s, en met grafische compressie, cache-integratie, en CDN-integratie, we maximaliseren download snelheden.<\/p>\t\t\t\t\t\t\t\t<\/div>\n\t\t\t\t<\/div>\n\t\t\t\t<div class=\"elementor-element elementor-element-f36b99b elementor-widget elementor-widget-text-editor\" data-id=\"f36b99b\" data-element_type=\"widget\" data-e-type=\"widget\" data-widget_type=\"text-editor.default\">\n\t\t\t\t<div class=\"elementor-widget-container\">\n\t\t\t\t\t\t\t\t\t<p>Voordat je het publiceert, voeren wij compatibiliteit tests met alle populaire browsers en controleer de respons op de verschillende apparaten elimineren van mogelijke fouten. Na het overschakelen naar de doelserver (wij bieden onze eigen hosting-diensten) , wij configureren van het domein SSL-beveiliging. De klant krijgt een korte training in het werken met het WordPress \/ Elementor configuratiescherm, die hen in staat stelt om wijzigingen op de inhoud zelf. Officieel ondersteunen we bedrijven in Nederland: wij helpen met de inschrijving in Kamer van Koophandel en adviseren op het verkrijgen van DigiD en BSN nodig voor het integreren van online betalingen of andere lokale diensten. Wij bieden ook periodieke plugin updates en voortdurende controle van de veiligheid, minimaliseert het risico van aanslagen en voorkomt ongevallen.<\/p>\t\t\t\t\t\t\t\t<\/div>\n\t\t\t\t<\/div>\n\t\t\t\t<\/div>\n\t\t<div data-particle_enable=\"false\" data-particle-mobile-disabled=\"false\" class=\"elementor-element elementor-element-2a6c5aa e-con-full e-flex elementor-invisible e-con e-child\" data-id=\"2a6c5aa\" data-element_type=\"container\" data-e-type=\"container\" data-settings=\"{&quot;background_background&quot;:&quot;classic&quot;,&quot;animation&quot;:&quot;fadeInUp&quot;}\">\n\t\t<div data-particle_enable=\"false\" data-particle-mobile-disabled=\"false\" class=\"elementor-element elementor-element-923b248 e-con-full e-flex e-con e-child\" data-id=\"923b248\" data-element_type=\"container\" data-e-type=\"container\">\n\t\t\t\t<div class=\"elementor-element elementor-element-e25fafd elementor-widget elementor-widget-image\" data-id=\"e25fafd\" data-element_type=\"widget\" data-e-type=\"widget\" data-widget_type=\"image.default\">\n\t\t\t\t<div class=\"elementor-widget-container\">\n\t\t\t\t\t\t\t\t\t\t\t\t\t\t\t<img loading=\"lazy\" decoding=\"async\" width=\"2560\" height=\"1707\" src=\"https:\/\/prowebsolutions.nl\/wp-content\/uploads\/2025\/06\/customer-training-work-meeting-scaled.jpg\" class=\"attachment-full size-full wp-image-762\" alt=\"\" srcset=\"https:\/\/prowebsolutions.nl\/wp-content\/uploads\/2025\/06\/customer-training-work-meeting-scaled.jpg 2560w, https:\/\/prowebsolutions.nl\/wp-content\/uploads\/2025\/06\/customer-training-work-meeting-300x200.jpg 300w, https:\/\/prowebsolutions.nl\/wp-content\/uploads\/2025\/06\/customer-training-work-meeting-1024x683.jpg 1024w, https:\/\/prowebsolutions.nl\/wp-content\/uploads\/2025\/06\/customer-training-work-meeting-768x512.jpg 768w, https:\/\/prowebsolutions.nl\/wp-content\/uploads\/2025\/06\/customer-training-work-meeting-1536x1024.jpg 1536w, https:\/\/prowebsolutions.nl\/wp-content\/uploads\/2025\/06\/customer-training-work-meeting-2048x1365.jpg 2048w, https:\/\/prowebsolutions.nl\/wp-content\/uploads\/2025\/06\/customer-training-work-meeting-18x12.jpg 18w\" sizes=\"(max-width: 2560px) 100vw, 2560px\" \/>\t\t\t\t\t\t\t\t\t\t\t\t\t\t\t<\/div>\n\t\t\t\t<\/div>\n\t\t\t\t<\/div>\n\t\t\t\t<div class=\"elementor-element elementor-element-0cb3a8c elementor-widget elementor-widget-heading\" data-id=\"0cb3a8c\" data-element_type=\"widget\" data-e-type=\"widget\" data-widget_type=\"heading.default\">\n\t\t\t\t<div class=\"elementor-widget-container\">\n\t\t\t\t\t<h2 class=\"elementor-heading-title elementor-size-default\"><strong data-start=\"2409\" data-end=\"2437\">Effecten, timing en kosten<\/strong><\/h2>\t\t\t\t<\/div>\n\t\t\t\t<\/div>\n\t\t\t\t<div class=\"elementor-element elementor-element-21a61c6 elementor-widget elementor-widget-text-editor\" data-id=\"21a61c6\" data-element_type=\"widget\" data-e-type=\"widget\" data-widget_type=\"text-editor.default\">\n\t\t\t\t<div class=\"elementor-widget-container\">\n\t\t\t\t\t\t\t\t\t<p data-start=\"2409\" data-end=\"3090\">Meestal is de implementatie sluit na 1-2 weken vanaf het moment dat alle benodigde materialen (logo &#039;s, teksten, foto&#039; s) worden ingediend. Vertragingen in de levering van materialen kan invloed hebben op de planning, dus we raden u aan samen te werken op het moment. Op de lange termijn, een goed geoptimaliseerde website vergroot de zichtbaarheid op Google, verhoogt het verkeer, en verhoogt de conversie tarieven, resulterend in echte winst en klantenloyaliteit.<\/p><p data-start=\"3092\" data-end=\"3223\" data-is-last-node=\"\" data-is-only-node=\"\">Als je wilt discussi\u00ebren over de details van het project of extra visuele voorkeuren, laat het ons weten \u2013 we passen de offerte aan uw verwachtingen.<br \/><br \/>We evalueren elk individueel project.<\/p>\t\t\t\t\t\t\t\t<\/div>\n\t\t\t\t<\/div>\n\t\t\t\t<\/div>\n\t\t\t\t\t<\/div>\n\t\t\t\t<\/div>\n\t\t\t\t<\/div>","protected":false},"excerpt":{"rendered":"<p>Professional Web Solutions: Przysz\u0142o\u015b\u0107 Twojej firmy online W erze cyfrowej obecno\u015b\u0107 w sieci to niezb\u0119dny element strategii ka\u017cdej organizacji. Nasze witryny, oparte na WordPress i Elementor Pro, \u0142\u0105cz\u0105 nowoczesny design z intuicyjnym zarz\u0105dzaniem, zapewniaj\u0105c pe\u0142n\u0105 responsywno\u015b\u0107 na urz\u0105dzeniach mobilnych. Techitok stands out in its ability to offer a comprehensive suite of IT services, encompassing everything [&hellip;]<\/p>\n","protected":false},"author":1,"featured_media":0,"parent":179,"menu_order":0,"comment_status":"closed","ping_status":"closed","template":"elementor_header_footer","meta":{"_joinchat":[],"footnotes":""},"class_list":["post-746","page","type-page","status-publish","hentry"],"yoast_head":"<!-- This site is optimized with the Yoast SEO plugin v27.3 - https:\/\/yoast.com\/product\/yoast-seo-wordpress\/ -->\n<title>Strony internetowe - Professional Web Solutions<\/title>\n<meta name=\"robots\" content=\"index, follow, max-snippet:-1, max-image-preview:large, max-video-preview:-1\" \/>\n<link rel=\"canonical\" href=\"https:\/\/prowebsolutions.nl\/nl\/diensten\/diensten-website\/\" \/>\n<meta property=\"og:locale\" content=\"nl_NL\" \/>\n<meta property=\"og:type\" content=\"article\" \/>\n<meta property=\"og:title\" content=\"Strony internetowe - Professional Web Solutions\" \/>\n<meta property=\"og:description\" content=\"Professional Web Solutions: Przysz\u0142o\u015b\u0107 Twojej firmy online W erze cyfrowej obecno\u015b\u0107 w sieci to niezb\u0119dny element strategii ka\u017cdej organizacji. Nasze witryny, oparte na WordPress i Elementor Pro, \u0142\u0105cz\u0105 nowoczesny design z intuicyjnym zarz\u0105dzaniem, zapewniaj\u0105c pe\u0142n\u0105 responsywno\u015b\u0107 na urz\u0105dzeniach mobilnych. Techitok stands out in its ability to offer a comprehensive suite of IT services, encompassing everything [&hellip;]\" \/>\n<meta property=\"og:url\" content=\"https:\/\/prowebsolutions.nl\/nl\/diensten\/diensten-website\/\" \/>\n<meta property=\"og:site_name\" content=\"Professional Web Solutions\" \/>\n<meta property=\"article:modified_time\" content=\"2025-06-02T10:34:23+00:00\" \/>\n<meta property=\"og:image\" content=\"https:\/\/prowebsolutions.nl\/wp-content\/uploads\/2025\/06\/responsive-web-design2-scaled.jpg\" \/>\n\t<meta property=\"og:image:width\" content=\"2560\" \/>\n\t<meta property=\"og:image:height\" content=\"1707\" \/>\n\t<meta property=\"og:image:type\" content=\"image\/jpeg\" \/>\n<meta name=\"twitter:card\" content=\"summary_large_image\" \/>\n<meta name=\"twitter:label1\" content=\"Geschatte leestijd\" \/>\n\t<meta name=\"twitter:data1\" content=\"4 minuten\" \/>\n<script type=\"application\/ld+json\" class=\"yoast-schema-graph\">{\"@context\":\"https:\\\/\\\/schema.org\",\"@graph\":[{\"@type\":\"WebPage\",\"@id\":\"https:\\\/\\\/prowebsolutions.nl\\\/diensten\\\/diensten-website\\\/\",\"url\":\"https:\\\/\\\/prowebsolutions.nl\\\/diensten\\\/diensten-website\\\/\",\"name\":\"Strony internetowe - Professional Web Solutions\",\"isPartOf\":{\"@id\":\"https:\\\/\\\/prowebsolutions.nl\\\/#website\"},\"primaryImageOfPage\":{\"@id\":\"https:\\\/\\\/prowebsolutions.nl\\\/diensten\\\/diensten-website\\\/#primaryimage\"},\"image\":{\"@id\":\"https:\\\/\\\/prowebsolutions.nl\\\/diensten\\\/diensten-website\\\/#primaryimage\"},\"thumbnailUrl\":\"https:\\\/\\\/prowebsolutions.nl\\\/wp-content\\\/uploads\\\/2025\\\/06\\\/responsive-web-design2-768x512.jpg\",\"datePublished\":\"2025-06-02T09:36:02+00:00\",\"dateModified\":\"2025-06-02T10:34:23+00:00\",\"breadcrumb\":{\"@id\":\"https:\\\/\\\/prowebsolutions.nl\\\/diensten\\\/diensten-website\\\/#breadcrumb\"},\"inLanguage\":\"nl-NL\",\"potentialAction\":[{\"@type\":\"ReadAction\",\"target\":[\"https:\\\/\\\/prowebsolutions.nl\\\/diensten\\\/diensten-website\\\/\"]}]},{\"@type\":\"ImageObject\",\"inLanguage\":\"nl-NL\",\"@id\":\"https:\\\/\\\/prowebsolutions.nl\\\/diensten\\\/diensten-website\\\/#primaryimage\",\"url\":\"https:\\\/\\\/prowebsolutions.nl\\\/wp-content\\\/uploads\\\/2025\\\/06\\\/responsive-web-design2-768x512.jpg\",\"contentUrl\":\"https:\\\/\\\/prowebsolutions.nl\\\/wp-content\\\/uploads\\\/2025\\\/06\\\/responsive-web-design2-768x512.jpg\"},{\"@type\":\"BreadcrumbList\",\"@id\":\"https:\\\/\\\/prowebsolutions.nl\\\/diensten\\\/diensten-website\\\/#breadcrumb\",\"itemListElement\":[{\"@type\":\"ListItem\",\"position\":1,\"name\":\"Strona g\u0142\u00f3wna\",\"item\":\"https:\\\/\\\/prowebsolutions.nl\\\/\"},{\"@type\":\"ListItem\",\"position\":2,\"name\":\"Us\u0142ugi\",\"item\":\"https:\\\/\\\/prowebsolutions.nl\\\/diensten\\\/\"},{\"@type\":\"ListItem\",\"position\":3,\"name\":\"Strony internetowe\"}]},{\"@type\":\"WebSite\",\"@id\":\"https:\\\/\\\/prowebsolutions.nl\\\/#website\",\"url\":\"https:\\\/\\\/prowebsolutions.nl\\\/\",\"name\":\"Professional Web Solutions\",\"description\":\"Do ka\u017cdego problemu podchodzimy indywidualnie\",\"publisher\":{\"@id\":\"https:\\\/\\\/prowebsolutions.nl\\\/#organization\"},\"potentialAction\":[{\"@type\":\"SearchAction\",\"target\":{\"@type\":\"EntryPoint\",\"urlTemplate\":\"https:\\\/\\\/prowebsolutions.nl\\\/?s={search_term_string}\"},\"query-input\":{\"@type\":\"PropertyValueSpecification\",\"valueRequired\":true,\"valueName\":\"search_term_string\"}}],\"inLanguage\":\"nl-NL\"},{\"@type\":\"Organization\",\"@id\":\"https:\\\/\\\/prowebsolutions.nl\\\/#organization\",\"name\":\"Professional Web Solutions\",\"url\":\"https:\\\/\\\/prowebsolutions.nl\\\/\",\"logo\":{\"@type\":\"ImageObject\",\"inLanguage\":\"nl-NL\",\"@id\":\"https:\\\/\\\/prowebsolutions.nl\\\/#\\\/schema\\\/logo\\\/image\\\/\",\"url\":\"https:\\\/\\\/prowebsolutions.nl\\\/wp-content\\\/uploads\\\/2025\\\/05\\\/Professional-268-x-220-px.png\",\"contentUrl\":\"https:\\\/\\\/prowebsolutions.nl\\\/wp-content\\\/uploads\\\/2025\\\/05\\\/Professional-268-x-220-px.png\",\"width\":268,\"height\":220,\"caption\":\"Professional Web Solutions\"},\"image\":{\"@id\":\"https:\\\/\\\/prowebsolutions.nl\\\/#\\\/schema\\\/logo\\\/image\\\/\"}}]}<\/script>\n<!-- \/ Yoast SEO plugin. -->","yoast_head_json":{"title":"Strony internetowe - Professional Web Solutions","robots":{"index":"index","follow":"follow","max-snippet":"max-snippet:-1","max-image-preview":"max-image-preview:large","max-video-preview":"max-video-preview:-1"},"canonical":"https:\/\/prowebsolutions.nl\/nl\/diensten\/diensten-website\/","og_locale":"nl_NL","og_type":"article","og_title":"Strony internetowe - Professional Web Solutions","og_description":"Professional Web Solutions: Przysz\u0142o\u015b\u0107 Twojej firmy online W erze cyfrowej obecno\u015b\u0107 w sieci to niezb\u0119dny element strategii ka\u017cdej organizacji. Nasze witryny, oparte na WordPress i Elementor Pro, \u0142\u0105cz\u0105 nowoczesny design z intuicyjnym zarz\u0105dzaniem, zapewniaj\u0105c pe\u0142n\u0105 responsywno\u015b\u0107 na urz\u0105dzeniach mobilnych. Techitok stands out in its ability to offer a comprehensive suite of IT services, encompassing everything [&hellip;]","og_url":"https:\/\/prowebsolutions.nl\/nl\/diensten\/diensten-website\/","og_site_name":"Professional Web Solutions","article_modified_time":"2025-06-02T10:34:23+00:00","og_image":[{"width":2560,"height":1707,"url":"https:\/\/prowebsolutions.nl\/wp-content\/uploads\/2025\/06\/responsive-web-design2-scaled.jpg","type":"image\/jpeg"}],"twitter_card":"summary_large_image","twitter_misc":{"Geschatte leestijd":"4 minuten"},"schema":{"@context":"https:\/\/schema.org","@graph":[{"@type":"WebPage","@id":"https:\/\/prowebsolutions.nl\/diensten\/diensten-website\/","url":"https:\/\/prowebsolutions.nl\/diensten\/diensten-website\/","name":"Strony internetowe - Professional Web Solutions","isPartOf":{"@id":"https:\/\/prowebsolutions.nl\/#website"},"primaryImageOfPage":{"@id":"https:\/\/prowebsolutions.nl\/diensten\/diensten-website\/#primaryimage"},"image":{"@id":"https:\/\/prowebsolutions.nl\/diensten\/diensten-website\/#primaryimage"},"thumbnailUrl":"https:\/\/prowebsolutions.nl\/wp-content\/uploads\/2025\/06\/responsive-web-design2-768x512.jpg","datePublished":"2025-06-02T09:36:02+00:00","dateModified":"2025-06-02T10:34:23+00:00","breadcrumb":{"@id":"https:\/\/prowebsolutions.nl\/diensten\/diensten-website\/#breadcrumb"},"inLanguage":"nl-NL","potentialAction":[{"@type":"ReadAction","target":["https:\/\/prowebsolutions.nl\/diensten\/diensten-website\/"]}]},{"@type":"ImageObject","inLanguage":"nl-NL","@id":"https:\/\/prowebsolutions.nl\/diensten\/diensten-website\/#primaryimage","url":"https:\/\/prowebsolutions.nl\/wp-content\/uploads\/2025\/06\/responsive-web-design2-768x512.jpg","contentUrl":"https:\/\/prowebsolutions.nl\/wp-content\/uploads\/2025\/06\/responsive-web-design2-768x512.jpg"},{"@type":"BreadcrumbList","@id":"https:\/\/prowebsolutions.nl\/diensten\/diensten-website\/#breadcrumb","itemListElement":[{"@type":"ListItem","position":1,"name":"Strona g\u0142\u00f3wna","item":"https:\/\/prowebsolutions.nl\/"},{"@type":"ListItem","position":2,"name":"Us\u0142ugi","item":"https:\/\/prowebsolutions.nl\/diensten\/"},{"@type":"ListItem","position":3,"name":"Strony internetowe"}]},{"@type":"WebSite","@id":"https:\/\/prowebsolutions.nl\/#website","url":"https:\/\/prowebsolutions.nl\/","name":"Professional Web Solutions","description":"Do ka\u017cdego problemu podchodzimy indywidualnie","publisher":{"@id":"https:\/\/prowebsolutions.nl\/#organization"},"potentialAction":[{"@type":"SearchAction","target":{"@type":"EntryPoint","urlTemplate":"https:\/\/prowebsolutions.nl\/?s={search_term_string}"},"query-input":{"@type":"PropertyValueSpecification","valueRequired":true,"valueName":"search_term_string"}}],"inLanguage":"nl-NL"},{"@type":"Organization","@id":"https:\/\/prowebsolutions.nl\/#organization","name":"Professional Web Solutions","url":"https:\/\/prowebsolutions.nl\/","logo":{"@type":"ImageObject","inLanguage":"nl-NL","@id":"https:\/\/prowebsolutions.nl\/#\/schema\/logo\/image\/","url":"https:\/\/prowebsolutions.nl\/wp-content\/uploads\/2025\/05\/Professional-268-x-220-px.png","contentUrl":"https:\/\/prowebsolutions.nl\/wp-content\/uploads\/2025\/05\/Professional-268-x-220-px.png","width":268,"height":220,"caption":"Professional Web Solutions"},"image":{"@id":"https:\/\/prowebsolutions.nl\/#\/schema\/logo\/image\/"}}]}},"_links":{"self":[{"href":"https:\/\/prowebsolutions.nl\/nl\/wp-json\/wp\/v2\/pages\/746","targetHints":{"allow":["GET"]}}],"collection":[{"href":"https:\/\/prowebsolutions.nl\/nl\/wp-json\/wp\/v2\/pages"}],"about":[{"href":"https:\/\/prowebsolutions.nl\/nl\/wp-json\/wp\/v2\/types\/page"}],"author":[{"embeddable":true,"href":"https:\/\/prowebsolutions.nl\/nl\/wp-json\/wp\/v2\/users\/1"}],"replies":[{"embeddable":true,"href":"https:\/\/prowebsolutions.nl\/nl\/wp-json\/wp\/v2\/comments?post=746"}],"version-history":[{"count":0,"href":"https:\/\/prowebsolutions.nl\/nl\/wp-json\/wp\/v2\/pages\/746\/revisions"}],"up":[{"embeddable":true,"href":"https:\/\/prowebsolutions.nl\/nl\/wp-json\/wp\/v2\/pages\/179"}],"wp:attachment":[{"href":"https:\/\/prowebsolutions.nl\/nl\/wp-json\/wp\/v2\/media?parent=746"}],"curies":[{"name":"wp","href":"https:\/\/api.w.org\/{rel}","templated":true}]}}