{"id":796,"date":"2025-06-02T14:15:52","date_gmt":"2025-06-02T14:15:52","guid":{"rendered":"https:\/\/prowebsolutions.nl\/?page_id=796"},"modified":"2025-06-02T14:20:19","modified_gmt":"2025-06-02T14:20:19","slug":"diensten-beveiliging","status":"publish","type":"page","link":"https:\/\/prowebsolutions.nl\/nl\/diensten\/diensten-beveiliging\/","title":{"rendered":"Veiligheid"},"content":{"rendered":"<div data-elementor-type=\"wp-page\" data-elementor-id=\"796\" class=\"elementor elementor-796\" data-elementor-post-type=\"page\">\n\t\t\t\t<div data-particle_enable=\"false\" data-particle-mobile-disabled=\"false\" class=\"elementor-element elementor-element-1077f83 e-flex e-con-boxed e-con e-parent\" data-id=\"1077f83\" data-element_type=\"container\" data-e-type=\"container\" data-settings=\"{&quot;background_background&quot;:&quot;classic&quot;}\">\n\t\t\t\t\t<div class=\"e-con-inner\">\n\t\t<div data-particle_enable=\"false\" data-particle-mobile-disabled=\"false\" class=\"elementor-element elementor-element-0a9db5c e-con-full e-flex elementor-invisible e-con e-child\" data-id=\"0a9db5c\" data-element_type=\"container\" data-e-type=\"container\" data-settings=\"{&quot;background_background&quot;:&quot;classic&quot;,&quot;animation&quot;:&quot;fadeInLeft&quot;}\">\n\t\t<div data-particle_enable=\"false\" data-particle-mobile-disabled=\"false\" class=\"elementor-element elementor-element-b6d62b4 e-con-full e-flex e-con e-child\" data-id=\"b6d62b4\" data-element_type=\"container\" data-e-type=\"container\">\n\t\t\t\t<div class=\"elementor-element elementor-element-d48bf91 elementor-widget elementor-widget-image\" data-id=\"d48bf91\" data-element_type=\"widget\" data-e-type=\"widget\" data-widget_type=\"image.default\">\n\t\t\t\t<div class=\"elementor-widget-container\">\n\t\t\t\t\t\t\t\t\t\t\t\t\t\t\t<img fetchpriority=\"high\" decoding=\"async\" width=\"768\" height=\"768\" src=\"https:\/\/prowebsolutions.nl\/wp-content\/uploads\/2025\/06\/3d-internet-secuirty-badge-768x768.jpg\" class=\"attachment-medium_large size-medium_large wp-image-845\" alt=\"\" srcset=\"https:\/\/prowebsolutions.nl\/wp-content\/uploads\/2025\/06\/3d-internet-secuirty-badge-768x768.jpg 768w, https:\/\/prowebsolutions.nl\/wp-content\/uploads\/2025\/06\/3d-internet-secuirty-badge-300x300.jpg 300w, https:\/\/prowebsolutions.nl\/wp-content\/uploads\/2025\/06\/3d-internet-secuirty-badge-1024x1024.jpg 1024w, https:\/\/prowebsolutions.nl\/wp-content\/uploads\/2025\/06\/3d-internet-secuirty-badge-150x150.jpg 150w, https:\/\/prowebsolutions.nl\/wp-content\/uploads\/2025\/06\/3d-internet-secuirty-badge-1536x1536.jpg 1536w, https:\/\/prowebsolutions.nl\/wp-content\/uploads\/2025\/06\/3d-internet-secuirty-badge-2048x2048.jpg 2048w, https:\/\/prowebsolutions.nl\/wp-content\/uploads\/2025\/06\/3d-internet-secuirty-badge-12x12.jpg 12w, https:\/\/prowebsolutions.nl\/wp-content\/uploads\/2025\/06\/3d-internet-secuirty-badge-100x100.jpg 100w, https:\/\/prowebsolutions.nl\/wp-content\/uploads\/2025\/06\/3d-internet-secuirty-badge-200x200.jpg 200w, https:\/\/prowebsolutions.nl\/wp-content\/uploads\/2025\/06\/3d-internet-secuirty-badge-400x400.jpg 400w, https:\/\/prowebsolutions.nl\/wp-content\/uploads\/2025\/06\/3d-internet-secuirty-badge-500x500.jpg 500w\" sizes=\"(max-width: 768px) 100vw, 768px\" \/>\t\t\t\t\t\t\t\t\t\t\t\t\t\t\t<\/div>\n\t\t\t\t<\/div>\n\t\t\t\t<\/div>\n\t\t\t\t<div class=\"elementor-element elementor-element-96fc402 elementor-widget elementor-widget-heading\" data-id=\"96fc402\" data-element_type=\"widget\" data-e-type=\"widget\" data-widget_type=\"heading.default\">\n\t\t\t\t<div class=\"elementor-widget-container\">\n\t\t\t\t\t<h2 class=\"elementor-heading-title elementor-size-default\">De veiligheid van online winkels en vormen<\/h2>\t\t\t\t<\/div>\n\t\t\t\t<\/div>\n\t\t\t\t<div class=\"elementor-element elementor-element-d4b5e99 elementor-widget elementor-widget-text-editor\" data-id=\"d4b5e99\" data-element_type=\"widget\" data-e-type=\"widget\" data-widget_type=\"text-editor.default\">\n\t\t\t\t<div class=\"elementor-widget-container\">\n\t\t\t\t\t\t\t\t\t<p>Wij zijn het volledig beschermen van uw e-commerce ervaring door middel van beveiligde verbindingen, betrouwbare verwerking van betalingen en betrouwbare vorm van validatie.<\/p>\t\t\t\t\t\t\t\t<\/div>\n\t\t\t\t<\/div>\n\t\t\t\t<div class=\"elementor-element elementor-element-c2dd843 elementor-widget elementor-widget-text-editor\" data-id=\"c2dd843\" data-element_type=\"widget\" data-e-type=\"widget\" data-widget_type=\"text-editor.default\">\n\t\t\t\t<div class=\"elementor-widget-container\">\n\t\t\t\t\t\t\t\t\t<p>Het implementeren van een SSL certificaat is de basis voor de bescherming van de winkel . Elke HTTPS request is gecodeerd en beschermt de klant gegevens bij het invoeren van creditcard informatie. Bovendien werken we samen met betrouwbare payment gateways (Streep, PayU, Mollie) dat de naleving van de PCI DSS-normen, zodat u deze niet opslaan van vertrouwelijke gegevens op uw eigen server. We dwingen HTTP - &gt; HTTPS omleiding om te voorkomen dat onveilige verbindingen en configureren van HST &#039; s, die elimineert het risico van Man-in-the-Middle-aanvallen.<\/p>\t\t\t\t\t\t\t\t<\/div>\n\t\t\t\t<\/div>\n\t\t\t\t<\/div>\n\t\t<div data-particle_enable=\"false\" data-particle-mobile-disabled=\"false\" class=\"elementor-element elementor-element-9ed11ca e-con-full e-flex elementor-invisible e-con e-child\" data-id=\"9ed11ca\" data-element_type=\"container\" data-e-type=\"container\" data-settings=\"{&quot;background_background&quot;:&quot;classic&quot;,&quot;animation&quot;:&quot;fadeInRight&quot;}\">\n\t\t<div data-particle_enable=\"false\" data-particle-mobile-disabled=\"false\" class=\"elementor-element elementor-element-746e465 e-con-full e-flex e-con e-child\" data-id=\"746e465\" data-element_type=\"container\" data-e-type=\"container\">\n\t\t\t\t<div class=\"elementor-element elementor-element-6114e16 elementor-widget elementor-widget-image\" data-id=\"6114e16\" data-element_type=\"widget\" data-e-type=\"widget\" data-widget_type=\"image.default\">\n\t\t\t\t<div class=\"elementor-widget-container\">\n\t\t\t\t\t\t\t\t\t\t\t\t\t\t\t<img decoding=\"async\" width=\"800\" height=\"534\" src=\"https:\/\/prowebsolutions.nl\/wp-content\/uploads\/2025\/06\/cctv-security-technology-with-lock-icon-digital-remix-1024x683.jpg\" class=\"attachment-large size-large wp-image-846\" alt=\"\" srcset=\"https:\/\/prowebsolutions.nl\/wp-content\/uploads\/2025\/06\/cctv-security-technology-with-lock-icon-digital-remix-1024x683.jpg 1024w, https:\/\/prowebsolutions.nl\/wp-content\/uploads\/2025\/06\/cctv-security-technology-with-lock-icon-digital-remix-300x200.jpg 300w, https:\/\/prowebsolutions.nl\/wp-content\/uploads\/2025\/06\/cctv-security-technology-with-lock-icon-digital-remix-768x512.jpg 768w, https:\/\/prowebsolutions.nl\/wp-content\/uploads\/2025\/06\/cctv-security-technology-with-lock-icon-digital-remix-1536x1024.jpg 1536w, https:\/\/prowebsolutions.nl\/wp-content\/uploads\/2025\/06\/cctv-security-technology-with-lock-icon-digital-remix-2048x1365.jpg 2048w, https:\/\/prowebsolutions.nl\/wp-content\/uploads\/2025\/06\/cctv-security-technology-with-lock-icon-digital-remix-18x12.jpg 18w\" sizes=\"(max-width: 800px) 100vw, 800px\" \/>\t\t\t\t\t\t\t\t\t\t\t\t\t\t\t<\/div>\n\t\t\t\t<\/div>\n\t\t\t\t<\/div>\n\t\t\t\t<div class=\"elementor-element elementor-element-1dcfac6 elementor-widget elementor-widget-heading\" data-id=\"1dcfac6\" data-element_type=\"widget\" data-e-type=\"widget\" data-widget_type=\"heading.default\">\n\t\t\t\t<div class=\"elementor-widget-container\">\n\t\t\t\t\t<h2 class=\"elementor-heading-title elementor-size-default\">Uitgebreide archief creatie proces<\/h2>\t\t\t\t<\/div>\n\t\t\t\t<\/div>\n\t\t\t\t<div class=\"elementor-element elementor-element-459661f elementor-widget elementor-widget-text-editor\" data-id=\"459661f\" data-element_type=\"widget\" data-e-type=\"widget\" data-widget_type=\"text-editor.default\">\n\t\t\t\t<div class=\"elementor-widget-container\">\n\t\t\t\t\t\t\t\t\t<p>Uw winkel zal werken op de basis van veiligheid vergelijkbaar met vooraanstaande hosting providers: SSL-versleuteling garandeert vertrouwelijkheid van gegevens, en het uitgebreide formulier verificatie zal u beschermen van geautomatiseerde en aanvallen van hackers. Als gevolg hiervan, zullen de klanten zich zekerder te voelen bij het winkelen en vindt u gemoedsrust in de wetenschap dat de belangrijkste bedreigingen zijn effectief ge\u00eblimineerd. Als u wilt de uitbreiding van de bescherming met extra modules (application firewall, geavanceerde malware scannen), neem dan contact met ons op en zullen wij een offerte uit die voldoet aan de specifieke kenmerken van uw bedrijf.<\/p>\t\t\t\t\t\t\t\t<\/div>\n\t\t\t\t<\/div>\n\t\t\t\t<\/div>\n\t\t\t\t\t<\/div>\n\t\t\t\t<\/div>\n\t\t\t\t<\/div>","protected":false},"excerpt":{"rendered":"<p>Bezpiecze\u0144stwo sklep\u00f3w internetowych i formularzy Zapewniamy pe\u0142n\u0105 ochron\u0119 Twojego e-commerce, dbaj\u0105c o bezpieczne po\u0142\u0105czenia, pewne przetwarzanie p\u0142atno\u015bci oraz niezawodn\u0105 walidacj\u0119 formularzy. Wdro\u017cenie certyfikatu SSL to podstawa ochrony sklepu \u2013 ka\u017cde \u017c\u0105danie HTTPS jest szyfrowane, co zabezpiecza dane klient\u00f3w podczas wprowadzania informacji o karcie. Dodatkowo wsp\u00f3\u0142pracujemy z zaufanymi bramkami p\u0142atno\u015bci (Stripe, PayU, Mollie), kt\u00f3re spe\u0142niaj\u0105 standardy [&hellip;]<\/p>\n","protected":false},"author":1,"featured_media":0,"parent":179,"menu_order":0,"comment_status":"closed","ping_status":"closed","template":"elementor_header_footer","meta":{"_joinchat":[],"footnotes":""},"class_list":["post-796","page","type-page","status-publish","hentry"],"yoast_head":"<!-- This site is optimized with the Yoast SEO plugin v27.3 - https:\/\/yoast.com\/product\/yoast-seo-wordpress\/ -->\n<title>Bezpiecze\u0144stwo - Professional Web Solutions<\/title>\n<meta name=\"robots\" content=\"index, follow, max-snippet:-1, max-image-preview:large, max-video-preview:-1\" \/>\n<link rel=\"canonical\" href=\"https:\/\/prowebsolutions.nl\/nl\/diensten\/diensten-beveiliging\/\" \/>\n<meta property=\"og:locale\" content=\"nl_NL\" \/>\n<meta property=\"og:type\" content=\"article\" \/>\n<meta property=\"og:title\" content=\"Bezpiecze\u0144stwo - Professional Web Solutions\" \/>\n<meta property=\"og:description\" content=\"Bezpiecze\u0144stwo sklep\u00f3w internetowych i formularzy Zapewniamy pe\u0142n\u0105 ochron\u0119 Twojego e-commerce, dbaj\u0105c o bezpieczne po\u0142\u0105czenia, pewne przetwarzanie p\u0142atno\u015bci oraz niezawodn\u0105 walidacj\u0119 formularzy. Wdro\u017cenie certyfikatu SSL to podstawa ochrony sklepu \u2013 ka\u017cde \u017c\u0105danie HTTPS jest szyfrowane, co zabezpiecza dane klient\u00f3w podczas wprowadzania informacji o karcie. Dodatkowo wsp\u00f3\u0142pracujemy z zaufanymi bramkami p\u0142atno\u015bci (Stripe, PayU, Mollie), kt\u00f3re spe\u0142niaj\u0105 standardy [&hellip;]\" \/>\n<meta property=\"og:url\" content=\"https:\/\/prowebsolutions.nl\/nl\/diensten\/diensten-beveiliging\/\" \/>\n<meta property=\"og:site_name\" content=\"Professional Web Solutions\" \/>\n<meta property=\"article:modified_time\" content=\"2025-06-02T14:20:19+00:00\" \/>\n<meta property=\"og:image\" content=\"https:\/\/prowebsolutions.nl\/wp-content\/uploads\/2025\/06\/3d-internet-secuirty-badge-scaled.jpg\" \/>\n\t<meta property=\"og:image:width\" content=\"2560\" \/>\n\t<meta property=\"og:image:height\" content=\"2560\" \/>\n\t<meta property=\"og:image:type\" content=\"image\/jpeg\" \/>\n<meta name=\"twitter:card\" content=\"summary_large_image\" \/>\n<meta name=\"twitter:label1\" content=\"Geschatte leestijd\" \/>\n\t<meta name=\"twitter:data1\" content=\"2 minuten\" \/>\n<script type=\"application\/ld+json\" class=\"yoast-schema-graph\">{\"@context\":\"https:\\\/\\\/schema.org\",\"@graph\":[{\"@type\":\"WebPage\",\"@id\":\"https:\\\/\\\/prowebsolutions.nl\\\/diensten\\\/diensten-beveiliging\\\/\",\"url\":\"https:\\\/\\\/prowebsolutions.nl\\\/diensten\\\/diensten-beveiliging\\\/\",\"name\":\"Bezpiecze\u0144stwo - Professional Web Solutions\",\"isPartOf\":{\"@id\":\"https:\\\/\\\/prowebsolutions.nl\\\/#website\"},\"primaryImageOfPage\":{\"@id\":\"https:\\\/\\\/prowebsolutions.nl\\\/diensten\\\/diensten-beveiliging\\\/#primaryimage\"},\"image\":{\"@id\":\"https:\\\/\\\/prowebsolutions.nl\\\/diensten\\\/diensten-beveiliging\\\/#primaryimage\"},\"thumbnailUrl\":\"https:\\\/\\\/prowebsolutions.nl\\\/wp-content\\\/uploads\\\/2025\\\/06\\\/3d-internet-secuirty-badge-768x768.jpg\",\"datePublished\":\"2025-06-02T14:15:52+00:00\",\"dateModified\":\"2025-06-02T14:20:19+00:00\",\"breadcrumb\":{\"@id\":\"https:\\\/\\\/prowebsolutions.nl\\\/diensten\\\/diensten-beveiliging\\\/#breadcrumb\"},\"inLanguage\":\"nl-NL\",\"potentialAction\":[{\"@type\":\"ReadAction\",\"target\":[\"https:\\\/\\\/prowebsolutions.nl\\\/diensten\\\/diensten-beveiliging\\\/\"]}]},{\"@type\":\"ImageObject\",\"inLanguage\":\"nl-NL\",\"@id\":\"https:\\\/\\\/prowebsolutions.nl\\\/diensten\\\/diensten-beveiliging\\\/#primaryimage\",\"url\":\"https:\\\/\\\/prowebsolutions.nl\\\/wp-content\\\/uploads\\\/2025\\\/06\\\/3d-internet-secuirty-badge-768x768.jpg\",\"contentUrl\":\"https:\\\/\\\/prowebsolutions.nl\\\/wp-content\\\/uploads\\\/2025\\\/06\\\/3d-internet-secuirty-badge-768x768.jpg\"},{\"@type\":\"BreadcrumbList\",\"@id\":\"https:\\\/\\\/prowebsolutions.nl\\\/diensten\\\/diensten-beveiliging\\\/#breadcrumb\",\"itemListElement\":[{\"@type\":\"ListItem\",\"position\":1,\"name\":\"Strona g\u0142\u00f3wna\",\"item\":\"https:\\\/\\\/prowebsolutions.nl\\\/\"},{\"@type\":\"ListItem\",\"position\":2,\"name\":\"Us\u0142ugi\",\"item\":\"https:\\\/\\\/prowebsolutions.nl\\\/diensten\\\/\"},{\"@type\":\"ListItem\",\"position\":3,\"name\":\"Bezpiecze\u0144stwo\"}]},{\"@type\":\"WebSite\",\"@id\":\"https:\\\/\\\/prowebsolutions.nl\\\/#website\",\"url\":\"https:\\\/\\\/prowebsolutions.nl\\\/\",\"name\":\"Professional Web Solutions\",\"description\":\"Do ka\u017cdego problemu podchodzimy indywidualnie\",\"publisher\":{\"@id\":\"https:\\\/\\\/prowebsolutions.nl\\\/#organization\"},\"potentialAction\":[{\"@type\":\"SearchAction\",\"target\":{\"@type\":\"EntryPoint\",\"urlTemplate\":\"https:\\\/\\\/prowebsolutions.nl\\\/?s={search_term_string}\"},\"query-input\":{\"@type\":\"PropertyValueSpecification\",\"valueRequired\":true,\"valueName\":\"search_term_string\"}}],\"inLanguage\":\"nl-NL\"},{\"@type\":\"Organization\",\"@id\":\"https:\\\/\\\/prowebsolutions.nl\\\/#organization\",\"name\":\"Professional Web Solutions\",\"url\":\"https:\\\/\\\/prowebsolutions.nl\\\/\",\"logo\":{\"@type\":\"ImageObject\",\"inLanguage\":\"nl-NL\",\"@id\":\"https:\\\/\\\/prowebsolutions.nl\\\/#\\\/schema\\\/logo\\\/image\\\/\",\"url\":\"https:\\\/\\\/prowebsolutions.nl\\\/wp-content\\\/uploads\\\/2025\\\/05\\\/Professional-268-x-220-px.png\",\"contentUrl\":\"https:\\\/\\\/prowebsolutions.nl\\\/wp-content\\\/uploads\\\/2025\\\/05\\\/Professional-268-x-220-px.png\",\"width\":268,\"height\":220,\"caption\":\"Professional Web Solutions\"},\"image\":{\"@id\":\"https:\\\/\\\/prowebsolutions.nl\\\/#\\\/schema\\\/logo\\\/image\\\/\"}}]}<\/script>\n<!-- \/ Yoast SEO plugin. -->","yoast_head_json":{"title":"Bezpiecze\u0144stwo - Professional Web Solutions","robots":{"index":"index","follow":"follow","max-snippet":"max-snippet:-1","max-image-preview":"max-image-preview:large","max-video-preview":"max-video-preview:-1"},"canonical":"https:\/\/prowebsolutions.nl\/nl\/diensten\/diensten-beveiliging\/","og_locale":"nl_NL","og_type":"article","og_title":"Bezpiecze\u0144stwo - Professional Web Solutions","og_description":"Bezpiecze\u0144stwo sklep\u00f3w internetowych i formularzy Zapewniamy pe\u0142n\u0105 ochron\u0119 Twojego e-commerce, dbaj\u0105c o bezpieczne po\u0142\u0105czenia, pewne przetwarzanie p\u0142atno\u015bci oraz niezawodn\u0105 walidacj\u0119 formularzy. Wdro\u017cenie certyfikatu SSL to podstawa ochrony sklepu \u2013 ka\u017cde \u017c\u0105danie HTTPS jest szyfrowane, co zabezpiecza dane klient\u00f3w podczas wprowadzania informacji o karcie. Dodatkowo wsp\u00f3\u0142pracujemy z zaufanymi bramkami p\u0142atno\u015bci (Stripe, PayU, Mollie), kt\u00f3re spe\u0142niaj\u0105 standardy [&hellip;]","og_url":"https:\/\/prowebsolutions.nl\/nl\/diensten\/diensten-beveiliging\/","og_site_name":"Professional Web Solutions","article_modified_time":"2025-06-02T14:20:19+00:00","og_image":[{"width":2560,"height":2560,"url":"https:\/\/prowebsolutions.nl\/wp-content\/uploads\/2025\/06\/3d-internet-secuirty-badge-scaled.jpg","type":"image\/jpeg"}],"twitter_card":"summary_large_image","twitter_misc":{"Geschatte leestijd":"2 minuten"},"schema":{"@context":"https:\/\/schema.org","@graph":[{"@type":"WebPage","@id":"https:\/\/prowebsolutions.nl\/diensten\/diensten-beveiliging\/","url":"https:\/\/prowebsolutions.nl\/diensten\/diensten-beveiliging\/","name":"Bezpiecze\u0144stwo - Professional Web Solutions","isPartOf":{"@id":"https:\/\/prowebsolutions.nl\/#website"},"primaryImageOfPage":{"@id":"https:\/\/prowebsolutions.nl\/diensten\/diensten-beveiliging\/#primaryimage"},"image":{"@id":"https:\/\/prowebsolutions.nl\/diensten\/diensten-beveiliging\/#primaryimage"},"thumbnailUrl":"https:\/\/prowebsolutions.nl\/wp-content\/uploads\/2025\/06\/3d-internet-secuirty-badge-768x768.jpg","datePublished":"2025-06-02T14:15:52+00:00","dateModified":"2025-06-02T14:20:19+00:00","breadcrumb":{"@id":"https:\/\/prowebsolutions.nl\/diensten\/diensten-beveiliging\/#breadcrumb"},"inLanguage":"nl-NL","potentialAction":[{"@type":"ReadAction","target":["https:\/\/prowebsolutions.nl\/diensten\/diensten-beveiliging\/"]}]},{"@type":"ImageObject","inLanguage":"nl-NL","@id":"https:\/\/prowebsolutions.nl\/diensten\/diensten-beveiliging\/#primaryimage","url":"https:\/\/prowebsolutions.nl\/wp-content\/uploads\/2025\/06\/3d-internet-secuirty-badge-768x768.jpg","contentUrl":"https:\/\/prowebsolutions.nl\/wp-content\/uploads\/2025\/06\/3d-internet-secuirty-badge-768x768.jpg"},{"@type":"BreadcrumbList","@id":"https:\/\/prowebsolutions.nl\/diensten\/diensten-beveiliging\/#breadcrumb","itemListElement":[{"@type":"ListItem","position":1,"name":"Strona g\u0142\u00f3wna","item":"https:\/\/prowebsolutions.nl\/"},{"@type":"ListItem","position":2,"name":"Us\u0142ugi","item":"https:\/\/prowebsolutions.nl\/diensten\/"},{"@type":"ListItem","position":3,"name":"Bezpiecze\u0144stwo"}]},{"@type":"WebSite","@id":"https:\/\/prowebsolutions.nl\/#website","url":"https:\/\/prowebsolutions.nl\/","name":"Professional Web Solutions","description":"Do ka\u017cdego problemu podchodzimy indywidualnie","publisher":{"@id":"https:\/\/prowebsolutions.nl\/#organization"},"potentialAction":[{"@type":"SearchAction","target":{"@type":"EntryPoint","urlTemplate":"https:\/\/prowebsolutions.nl\/?s={search_term_string}"},"query-input":{"@type":"PropertyValueSpecification","valueRequired":true,"valueName":"search_term_string"}}],"inLanguage":"nl-NL"},{"@type":"Organization","@id":"https:\/\/prowebsolutions.nl\/#organization","name":"Professional Web Solutions","url":"https:\/\/prowebsolutions.nl\/","logo":{"@type":"ImageObject","inLanguage":"nl-NL","@id":"https:\/\/prowebsolutions.nl\/#\/schema\/logo\/image\/","url":"https:\/\/prowebsolutions.nl\/wp-content\/uploads\/2025\/05\/Professional-268-x-220-px.png","contentUrl":"https:\/\/prowebsolutions.nl\/wp-content\/uploads\/2025\/05\/Professional-268-x-220-px.png","width":268,"height":220,"caption":"Professional Web Solutions"},"image":{"@id":"https:\/\/prowebsolutions.nl\/#\/schema\/logo\/image\/"}}]}},"_links":{"self":[{"href":"https:\/\/prowebsolutions.nl\/nl\/wp-json\/wp\/v2\/pages\/796","targetHints":{"allow":["GET"]}}],"collection":[{"href":"https:\/\/prowebsolutions.nl\/nl\/wp-json\/wp\/v2\/pages"}],"about":[{"href":"https:\/\/prowebsolutions.nl\/nl\/wp-json\/wp\/v2\/types\/page"}],"author":[{"embeddable":true,"href":"https:\/\/prowebsolutions.nl\/nl\/wp-json\/wp\/v2\/users\/1"}],"replies":[{"embeddable":true,"href":"https:\/\/prowebsolutions.nl\/nl\/wp-json\/wp\/v2\/comments?post=796"}],"version-history":[{"count":0,"href":"https:\/\/prowebsolutions.nl\/nl\/wp-json\/wp\/v2\/pages\/796\/revisions"}],"up":[{"embeddable":true,"href":"https:\/\/prowebsolutions.nl\/nl\/wp-json\/wp\/v2\/pages\/179"}],"wp:attachment":[{"href":"https:\/\/prowebsolutions.nl\/nl\/wp-json\/wp\/v2\/media?parent=796"}],"curies":[{"name":"wp","href":"https:\/\/api.w.org\/{rel}","templated":true}]}}