{"id":854,"date":"2025-06-02T14:44:15","date_gmt":"2025-06-02T14:44:15","guid":{"rendered":"https:\/\/prowebsolutions.nl\/?page_id=854"},"modified":"2025-06-02T14:44:45","modified_gmt":"2025-06-02T14:44:45","slug":"diensten-gementee","status":"publish","type":"page","link":"https:\/\/prowebsolutions.nl\/nl\/diensten\/diensten-gementee\/","title":{"rendered":"Kantoren"},"content":{"rendered":"<div data-elementor-type=\"wp-page\" data-elementor-id=\"854\" class=\"elementor elementor-854\" data-elementor-post-type=\"page\">\n\t\t\t\t<div data-particle_enable=\"false\" data-particle-mobile-disabled=\"false\" class=\"elementor-element elementor-element-1077f83 e-flex e-con-boxed e-con e-parent\" data-id=\"1077f83\" data-element_type=\"container\" data-e-type=\"container\" data-settings=\"{&quot;background_background&quot;:&quot;classic&quot;}\">\n\t\t\t\t\t<div class=\"e-con-inner\">\n\t\t<div data-particle_enable=\"false\" data-particle-mobile-disabled=\"false\" class=\"elementor-element elementor-element-0a9db5c e-con-full e-flex elementor-invisible e-con e-child\" data-id=\"0a9db5c\" data-element_type=\"container\" data-e-type=\"container\" data-settings=\"{&quot;background_background&quot;:&quot;classic&quot;,&quot;animation&quot;:&quot;fadeInLeft&quot;}\">\n\t\t<div data-particle_enable=\"false\" data-particle-mobile-disabled=\"false\" class=\"elementor-element elementor-element-b6d62b4 e-con-full e-flex e-con e-child\" data-id=\"b6d62b4\" data-element_type=\"container\" data-e-type=\"container\">\n\t\t\t\t<div class=\"elementor-element elementor-element-d48bf91 elementor-widget elementor-widget-image\" data-id=\"d48bf91\" data-element_type=\"widget\" data-e-type=\"widget\" data-widget_type=\"image.default\">\n\t\t\t\t<div class=\"elementor-widget-container\">\n\t\t\t\t\t\t\t\t\t\t\t\t\t\t\t<img fetchpriority=\"high\" decoding=\"async\" width=\"768\" height=\"513\" src=\"https:\/\/prowebsolutions.nl\/wp-content\/uploads\/2025\/06\/accountant-calculating-profit-with-financial-analysis-graphs-768x513.jpg\" class=\"attachment-medium_large size-medium_large wp-image-875\" alt=\"\" srcset=\"https:\/\/prowebsolutions.nl\/wp-content\/uploads\/2025\/06\/accountant-calculating-profit-with-financial-analysis-graphs-768x513.jpg 768w, https:\/\/prowebsolutions.nl\/wp-content\/uploads\/2025\/06\/accountant-calculating-profit-with-financial-analysis-graphs-300x200.jpg 300w, https:\/\/prowebsolutions.nl\/wp-content\/uploads\/2025\/06\/accountant-calculating-profit-with-financial-analysis-graphs-1024x684.jpg 1024w, https:\/\/prowebsolutions.nl\/wp-content\/uploads\/2025\/06\/accountant-calculating-profit-with-financial-analysis-graphs-1536x1025.jpg 1536w, https:\/\/prowebsolutions.nl\/wp-content\/uploads\/2025\/06\/accountant-calculating-profit-with-financial-analysis-graphs-2048x1367.jpg 2048w, https:\/\/prowebsolutions.nl\/wp-content\/uploads\/2025\/06\/accountant-calculating-profit-with-financial-analysis-graphs-18x12.jpg 18w\" sizes=\"(max-width: 768px) 100vw, 768px\" \/>\t\t\t\t\t\t\t\t\t\t\t\t\t\t\t<\/div>\n\t\t\t\t<\/div>\n\t\t\t\t<\/div>\n\t\t\t\t<div class=\"elementor-element elementor-element-96fc402 elementor-widget elementor-widget-heading\" data-id=\"96fc402\" data-element_type=\"widget\" data-e-type=\"widget\" data-widget_type=\"heading.default\">\n\t\t\t\t<div class=\"elementor-widget-container\">\n\t\t\t\t\t<h2 class=\"elementor-heading-title elementor-size-default\">DigiD<\/h2>\t\t\t\t<\/div>\n\t\t\t\t<\/div>\n\t\t\t\t<div class=\"elementor-element elementor-element-d4b5e99 elementor-widget elementor-widget-text-editor\" data-id=\"d4b5e99\" data-element_type=\"widget\" data-e-type=\"widget\" data-widget_type=\"text-editor.default\">\n\t\t\t\t<div class=\"elementor-widget-container\">\n\t\t\t\t\t\t\t\t\t<p data-start=\"0\" data-end=\"250\">DigiD (Digitale Identificatie) is een elektronische sleutel die het mogelijk maakt u gebruik van de online diensten in Nederland, zoals van de Belastingdienst (belastingdienst), zorgverzering (health insurance) of mijnoverheid (burger persoonlijke portal).<\/p>\t\t\t\t\t\t\t\t<\/div>\n\t\t\t\t<\/div>\n\t\t\t\t<div class=\"elementor-element elementor-element-c2dd843 elementor-widget elementor-widget-text-editor\" data-id=\"c2dd843\" data-element_type=\"widget\" data-e-type=\"widget\" data-widget_type=\"text-editor.default\">\n\t\t\t\t<div class=\"elementor-widget-container\">\n\t\t\t\t\t\t\t\t\t<p>De registratie duurt meestal enkele werkdagen-wanneer u van toepassing is, ontvangt u een e-mail met een activeringscode die u toelaat om in te loggen voor de eerste keer. Met DigiD kunt u controleren of uw identiteit bij het indienen van de elektronische toepassingen, het controleren van de stand van zaken in de kantoren en de verwerking van documenten vanuit het comfort van uw huis. Het systeem vereist een sterk wachtwoord en extra verificatie (SMS of app) om te zorgen voor de veiligheid van uw gegevens.<\/p>\t\t\t\t\t\t\t\t<\/div>\n\t\t\t\t<\/div>\n\t\t\t\t<div class=\"elementor-element elementor-element-0bb80c9 elementor-widget elementor-widget-text-editor\" data-id=\"0bb80c9\" data-element_type=\"widget\" data-e-type=\"widget\" data-widget_type=\"text-editor.default\">\n\t\t\t\t<div class=\"elementor-widget-container\">\n\t\t\t\t\t\t\t\t\t<p>Een actieve DigiD is nodig voor het elektronisch indienen van een belastingaangifte, de rapportage van wijzigingen in de ziektekostenverzekering, of het aanvragen van uitkeringen.<\/p>\t\t\t\t\t\t\t\t<\/div>\n\t\t\t\t<\/div>\n\t\t\t\t<\/div>\n\t\t<div data-particle_enable=\"false\" data-particle-mobile-disabled=\"false\" class=\"elementor-element elementor-element-9ed11ca e-con-full e-flex elementor-invisible e-con e-child\" data-id=\"9ed11ca\" data-element_type=\"container\" data-e-type=\"container\" data-settings=\"{&quot;background_background&quot;:&quot;classic&quot;,&quot;animation&quot;:&quot;fadeInRight&quot;}\">\n\t\t<div data-particle_enable=\"false\" data-particle-mobile-disabled=\"false\" class=\"elementor-element elementor-element-746e465 e-con-full e-flex e-con e-child\" data-id=\"746e465\" data-element_type=\"container\" data-e-type=\"container\">\n\t\t\t\t<div class=\"elementor-element elementor-element-6114e16 elementor-widget elementor-widget-image\" data-id=\"6114e16\" data-element_type=\"widget\" data-e-type=\"widget\" data-widget_type=\"image.default\">\n\t\t\t\t<div class=\"elementor-widget-container\">\n\t\t\t\t\t\t\t\t\t\t\t\t\t\t\t<img decoding=\"async\" width=\"800\" height=\"534\" src=\"https:\/\/prowebsolutions.nl\/wp-content\/uploads\/2025\/06\/businessmen-hands-white-table-with-documents-drafts-1024x683.jpg\" class=\"attachment-large size-large wp-image-876\" alt=\"\" srcset=\"https:\/\/prowebsolutions.nl\/wp-content\/uploads\/2025\/06\/businessmen-hands-white-table-with-documents-drafts-1024x683.jpg 1024w, https:\/\/prowebsolutions.nl\/wp-content\/uploads\/2025\/06\/businessmen-hands-white-table-with-documents-drafts-300x200.jpg 300w, https:\/\/prowebsolutions.nl\/wp-content\/uploads\/2025\/06\/businessmen-hands-white-table-with-documents-drafts-768x512.jpg 768w, https:\/\/prowebsolutions.nl\/wp-content\/uploads\/2025\/06\/businessmen-hands-white-table-with-documents-drafts-1536x1024.jpg 1536w, https:\/\/prowebsolutions.nl\/wp-content\/uploads\/2025\/06\/businessmen-hands-white-table-with-documents-drafts-2048x1365.jpg 2048w, https:\/\/prowebsolutions.nl\/wp-content\/uploads\/2025\/06\/businessmen-hands-white-table-with-documents-drafts-18x12.jpg 18w\" sizes=\"(max-width: 800px) 100vw, 800px\" \/>\t\t\t\t\t\t\t\t\t\t\t\t\t\t\t<\/div>\n\t\t\t\t<\/div>\n\t\t\t\t<\/div>\n\t\t\t\t<div class=\"elementor-element elementor-element-1dcfac6 elementor-widget elementor-widget-heading\" data-id=\"1dcfac6\" data-element_type=\"widget\" data-e-type=\"widget\" data-widget_type=\"heading.default\">\n\t\t\t\t<div class=\"elementor-widget-container\">\n\t\t\t\t\t<h2 class=\"elementor-heading-title elementor-size-default\">Verzekering en nederzettingen<\/h2>\t\t\t\t<\/div>\n\t\t\t\t<\/div>\n\t\t\t\t<div class=\"elementor-element elementor-element-459661f elementor-widget elementor-widget-text-editor\" data-id=\"459661f\" data-element_type=\"widget\" data-e-type=\"widget\" data-widget_type=\"text-editor.default\">\n\t\t\t\t<div class=\"elementor-widget-container\">\n\t\t\t\t\t\t\t\t\t<p>In Nederland, moet u de aanschaf van een basisverzekering (zorgverzering), de kosten die u gedeeltelijk in mindering brengen op uw jaarlijkse belastingaangifte. Voor bedrijven en zelfstandigen, raden we aan extra aansprakelijkheid verzekeringen (wa verzekering) en inkomens verzekeringen (arbeidsongeschiktheidsverzekering) te beschermen tegen financi\u00eble risico &#039; s.<\/p>\t\t\t\t\t\t\t\t<\/div>\n\t\t\t\t<\/div>\n\t\t\t\t<div class=\"elementor-element elementor-element-6c70fd6 elementor-widget elementor-widget-text-editor\" data-id=\"6c70fd6\" data-element_type=\"widget\" data-e-type=\"widget\" data-widget_type=\"text-editor.default\">\n\t\t\t\t<div class=\"elementor-widget-container\">\n\t\t\t\t\t\t\t\t\t<p>Fiscale berekeningen van de Belastingdienst zijn inkomen, premies en aftrek mogelijk voor kinderen en huisvesting, en alle documenten kunnen worden ingediend via het MijnOverheid portaal met behulp van DigiD. Wij helpen u bij de voorbereiding van uw jaarlijkse rendement door het optimaliseren van uw kosten en het aanduiden van de beschikbare uitkeringen, zoals zorgtoeslag (voor de gezondheid) of huurtoeslag (huursubsidie). Wij werken samen met verzekeraars om te onderhandelen over gunstige voorwaarden dekking, en dan is het co\u00f6rdineren van berekeningen om ervoor te zorgen dat het gehele proces is snel en foutloos.<\/p>\t\t\t\t\t\t\t\t<\/div>\n\t\t\t\t<\/div>\n\t\t\t\t<\/div>\n\t\t<div data-particle_enable=\"false\" data-particle-mobile-disabled=\"false\" class=\"elementor-element elementor-element-a8ded55 e-con-full e-flex elementor-invisible e-con e-child\" data-id=\"a8ded55\" data-element_type=\"container\" data-e-type=\"container\" data-settings=\"{&quot;background_background&quot;:&quot;classic&quot;,&quot;animation&quot;:&quot;fadeInLeft&quot;}\">\n\t\t<div data-particle_enable=\"false\" data-particle-mobile-disabled=\"false\" class=\"elementor-element elementor-element-ddd6124 e-con-full e-flex e-con e-child\" data-id=\"ddd6124\" data-element_type=\"container\" data-e-type=\"container\">\n\t\t\t\t<div class=\"elementor-element elementor-element-42fd526 elementor-widget elementor-widget-image\" data-id=\"42fd526\" data-element_type=\"widget\" data-e-type=\"widget\" data-widget_type=\"image.default\">\n\t\t\t\t<div class=\"elementor-widget-container\">\n\t\t\t\t\t\t\t\t\t\t\t\t\t\t\t<img decoding=\"async\" width=\"800\" height=\"534\" src=\"https:\/\/prowebsolutions.nl\/wp-content\/uploads\/2025\/06\/cooperation-analyst-chart-professional-paper-economics-1024x683.jpg\" class=\"attachment-large size-large wp-image-877\" alt=\"\" srcset=\"https:\/\/prowebsolutions.nl\/wp-content\/uploads\/2025\/06\/cooperation-analyst-chart-professional-paper-economics-1024x683.jpg 1024w, https:\/\/prowebsolutions.nl\/wp-content\/uploads\/2025\/06\/cooperation-analyst-chart-professional-paper-economics-300x200.jpg 300w, https:\/\/prowebsolutions.nl\/wp-content\/uploads\/2025\/06\/cooperation-analyst-chart-professional-paper-economics-768x512.jpg 768w, https:\/\/prowebsolutions.nl\/wp-content\/uploads\/2025\/06\/cooperation-analyst-chart-professional-paper-economics-1536x1024.jpg 1536w, https:\/\/prowebsolutions.nl\/wp-content\/uploads\/2025\/06\/cooperation-analyst-chart-professional-paper-economics-2048x1365.jpg 2048w, https:\/\/prowebsolutions.nl\/wp-content\/uploads\/2025\/06\/cooperation-analyst-chart-professional-paper-economics-18x12.jpg 18w\" sizes=\"(max-width: 800px) 100vw, 800px\" \/>\t\t\t\t\t\t\t\t\t\t\t\t\t\t\t<\/div>\n\t\t\t\t<\/div>\n\t\t\t\t<\/div>\n\t\t\t\t<div class=\"elementor-element elementor-element-c8be346 elementor-widget elementor-widget-heading\" data-id=\"c8be346\" data-element_type=\"widget\" data-e-type=\"widget\" data-widget_type=\"heading.default\">\n\t\t\t\t<div class=\"elementor-widget-container\">\n\t\t\t\t\t<h2 class=\"elementor-heading-title elementor-size-default\">BSN (Burgerservicenummer)<\/h2>\t\t\t\t<\/div>\n\t\t\t\t<\/div>\n\t\t\t\t<div class=\"elementor-element elementor-element-93cc15c elementor-widget elementor-widget-text-editor\" data-id=\"93cc15c\" data-element_type=\"widget\" data-e-type=\"widget\" data-widget_type=\"text-editor.default\">\n\t\t\t\t<div class=\"elementor-widget-container\">\n\t\t\t\t\t\t\t\t\t<p>BSN is uw unieke identificatie nummer in de nederlandse bestuurlijke systeem, die is vereist voor de meeste offici\u00eble en medische formaliteiten. Het wordt verkregen door registratie op de gemeentelijke dienst (Gemeente), waar deze is toegekend voor het leven na het tonen van een geldige identiteitskaart. Het BSN is verplicht bij het ondertekenen van een arbeidsovereenkomst, het cre\u00ebren van een bankrekening, of de registratie van een voertuig bij de RDW.<\/p>\t\t\t\t\t\t\t\t<\/div>\n\t\t\t\t<\/div>\n\t\t\t\t<div class=\"elementor-element elementor-element-a36c83f elementor-widget elementor-widget-text-editor\" data-id=\"a36c83f\" data-element_type=\"widget\" data-e-type=\"widget\" data-widget_type=\"text-editor.default\">\n\t\t\t\t<div class=\"elementor-widget-container\">\n\t\t\t\t\t\t\t\t\t<p>Dankzij het aantal, de belastingdienst en de sociale instellingen een unieke combinatie van uw gegevens, dat versnelt administratieve processen en de betaling van uitkeringen en belastingen. Zonder een geldig en correct is geregistreerd BSN, kunt u niet toepassen voor fiscale voordelen of voordelen van zorgverzekering in Nederland.<\/p>\t\t\t\t\t\t\t\t<\/div>\n\t\t\t\t<\/div>\n\t\t\t\t<\/div>\n\t\t\t\t\t<\/div>\n\t\t\t\t<\/div>\n\t\t\t\t<\/div>","protected":false},"excerpt":{"rendered":"<p>DigiD DigiD (Digital Identification) to elektroniczny klucz dost\u0119pu umo\u017cliwiaj\u0105cy korzystanie z holenderskich us\u0142ug publicznych online, takich jak Belastingdienst (urz\u0105d skarbowy), zorgverzekering (ubezpieczenie zdrowotne) czy MijnOverheid (osobisty portal obywatela). Rejestracja trwa zwykle kilka dni roboczych\u2014po z\u0142o\u017ceniu wniosku otrzymujesz list z kodem aktywacyjnym, kt\u00f3ry pozwala na pierwsze logowanie. Z DigiD potwierdzasz to\u017csamo\u015b\u0107 przy sk\u0142adaniu e-wniosk\u00f3w, sprawdzaniu stanu [&hellip;]<\/p>\n","protected":false},"author":1,"featured_media":0,"parent":179,"menu_order":0,"comment_status":"closed","ping_status":"closed","template":"elementor_header_footer","meta":{"_joinchat":[],"footnotes":""},"class_list":["post-854","page","type-page","status-publish","hentry"],"yoast_head":"<!-- This site is optimized with the Yoast SEO plugin v27.3 - https:\/\/yoast.com\/product\/yoast-seo-wordpress\/ -->\n<title>Urz\u0119dy - Professional Web Solutions<\/title>\n<meta name=\"robots\" content=\"index, follow, max-snippet:-1, max-image-preview:large, max-video-preview:-1\" \/>\n<link rel=\"canonical\" href=\"https:\/\/prowebsolutions.nl\/nl\/diensten\/diensten-gementee\/\" \/>\n<meta property=\"og:locale\" content=\"nl_NL\" \/>\n<meta property=\"og:type\" content=\"article\" \/>\n<meta property=\"og:title\" content=\"Urz\u0119dy - Professional Web Solutions\" \/>\n<meta property=\"og:description\" content=\"DigiD DigiD (Digital Identification) to elektroniczny klucz dost\u0119pu umo\u017cliwiaj\u0105cy korzystanie z holenderskich us\u0142ug publicznych online, takich jak Belastingdienst (urz\u0105d skarbowy), zorgverzekering (ubezpieczenie zdrowotne) czy MijnOverheid (osobisty portal obywatela). Rejestracja trwa zwykle kilka dni roboczych\u2014po z\u0142o\u017ceniu wniosku otrzymujesz list z kodem aktywacyjnym, kt\u00f3ry pozwala na pierwsze logowanie. Z DigiD potwierdzasz to\u017csamo\u015b\u0107 przy sk\u0142adaniu e-wniosk\u00f3w, sprawdzaniu stanu [&hellip;]\" \/>\n<meta property=\"og:url\" content=\"https:\/\/prowebsolutions.nl\/nl\/diensten\/diensten-gementee\/\" \/>\n<meta property=\"og:site_name\" content=\"Professional Web Solutions\" \/>\n<meta property=\"article:modified_time\" content=\"2025-06-02T14:44:45+00:00\" \/>\n<meta property=\"og:image\" content=\"https:\/\/prowebsolutions.nl\/wp-content\/uploads\/2025\/06\/accountant-calculating-profit-with-financial-analysis-graphs-scaled.jpg\" \/>\n\t<meta property=\"og:image:width\" content=\"2560\" \/>\n\t<meta property=\"og:image:height\" content=\"1709\" \/>\n\t<meta property=\"og:image:type\" content=\"image\/jpeg\" \/>\n<meta name=\"twitter:card\" content=\"summary_large_image\" \/>\n<meta name=\"twitter:label1\" content=\"Geschatte leestijd\" \/>\n\t<meta name=\"twitter:data1\" content=\"3 minuten\" \/>\n<script type=\"application\/ld+json\" class=\"yoast-schema-graph\">{\"@context\":\"https:\\\/\\\/schema.org\",\"@graph\":[{\"@type\":\"WebPage\",\"@id\":\"https:\\\/\\\/prowebsolutions.nl\\\/diensten\\\/diensten-gementee\\\/\",\"url\":\"https:\\\/\\\/prowebsolutions.nl\\\/diensten\\\/diensten-gementee\\\/\",\"name\":\"Urz\u0119dy - Professional Web Solutions\",\"isPartOf\":{\"@id\":\"https:\\\/\\\/prowebsolutions.nl\\\/#website\"},\"primaryImageOfPage\":{\"@id\":\"https:\\\/\\\/prowebsolutions.nl\\\/diensten\\\/diensten-gementee\\\/#primaryimage\"},\"image\":{\"@id\":\"https:\\\/\\\/prowebsolutions.nl\\\/diensten\\\/diensten-gementee\\\/#primaryimage\"},\"thumbnailUrl\":\"https:\\\/\\\/prowebsolutions.nl\\\/wp-content\\\/uploads\\\/2025\\\/06\\\/accountant-calculating-profit-with-financial-analysis-graphs-768x513.jpg\",\"datePublished\":\"2025-06-02T14:44:15+00:00\",\"dateModified\":\"2025-06-02T14:44:45+00:00\",\"breadcrumb\":{\"@id\":\"https:\\\/\\\/prowebsolutions.nl\\\/diensten\\\/diensten-gementee\\\/#breadcrumb\"},\"inLanguage\":\"nl-NL\",\"potentialAction\":[{\"@type\":\"ReadAction\",\"target\":[\"https:\\\/\\\/prowebsolutions.nl\\\/diensten\\\/diensten-gementee\\\/\"]}]},{\"@type\":\"ImageObject\",\"inLanguage\":\"nl-NL\",\"@id\":\"https:\\\/\\\/prowebsolutions.nl\\\/diensten\\\/diensten-gementee\\\/#primaryimage\",\"url\":\"https:\\\/\\\/prowebsolutions.nl\\\/wp-content\\\/uploads\\\/2025\\\/06\\\/accountant-calculating-profit-with-financial-analysis-graphs-768x513.jpg\",\"contentUrl\":\"https:\\\/\\\/prowebsolutions.nl\\\/wp-content\\\/uploads\\\/2025\\\/06\\\/accountant-calculating-profit-with-financial-analysis-graphs-768x513.jpg\"},{\"@type\":\"BreadcrumbList\",\"@id\":\"https:\\\/\\\/prowebsolutions.nl\\\/diensten\\\/diensten-gementee\\\/#breadcrumb\",\"itemListElement\":[{\"@type\":\"ListItem\",\"position\":1,\"name\":\"Strona g\u0142\u00f3wna\",\"item\":\"https:\\\/\\\/prowebsolutions.nl\\\/\"},{\"@type\":\"ListItem\",\"position\":2,\"name\":\"Us\u0142ugi\",\"item\":\"https:\\\/\\\/prowebsolutions.nl\\\/diensten\\\/\"},{\"@type\":\"ListItem\",\"position\":3,\"name\":\"Urz\u0119dy\"}]},{\"@type\":\"WebSite\",\"@id\":\"https:\\\/\\\/prowebsolutions.nl\\\/#website\",\"url\":\"https:\\\/\\\/prowebsolutions.nl\\\/\",\"name\":\"Professional Web Solutions\",\"description\":\"Do ka\u017cdego problemu podchodzimy indywidualnie\",\"publisher\":{\"@id\":\"https:\\\/\\\/prowebsolutions.nl\\\/#organization\"},\"potentialAction\":[{\"@type\":\"SearchAction\",\"target\":{\"@type\":\"EntryPoint\",\"urlTemplate\":\"https:\\\/\\\/prowebsolutions.nl\\\/?s={search_term_string}\"},\"query-input\":{\"@type\":\"PropertyValueSpecification\",\"valueRequired\":true,\"valueName\":\"search_term_string\"}}],\"inLanguage\":\"nl-NL\"},{\"@type\":\"Organization\",\"@id\":\"https:\\\/\\\/prowebsolutions.nl\\\/#organization\",\"name\":\"Professional Web Solutions\",\"url\":\"https:\\\/\\\/prowebsolutions.nl\\\/\",\"logo\":{\"@type\":\"ImageObject\",\"inLanguage\":\"nl-NL\",\"@id\":\"https:\\\/\\\/prowebsolutions.nl\\\/#\\\/schema\\\/logo\\\/image\\\/\",\"url\":\"https:\\\/\\\/prowebsolutions.nl\\\/wp-content\\\/uploads\\\/2025\\\/05\\\/Professional-268-x-220-px.png\",\"contentUrl\":\"https:\\\/\\\/prowebsolutions.nl\\\/wp-content\\\/uploads\\\/2025\\\/05\\\/Professional-268-x-220-px.png\",\"width\":268,\"height\":220,\"caption\":\"Professional Web Solutions\"},\"image\":{\"@id\":\"https:\\\/\\\/prowebsolutions.nl\\\/#\\\/schema\\\/logo\\\/image\\\/\"}}]}<\/script>\n<!-- \/ Yoast SEO plugin. -->","yoast_head_json":{"title":"Urz\u0119dy - Professional Web Solutions","robots":{"index":"index","follow":"follow","max-snippet":"max-snippet:-1","max-image-preview":"max-image-preview:large","max-video-preview":"max-video-preview:-1"},"canonical":"https:\/\/prowebsolutions.nl\/nl\/diensten\/diensten-gementee\/","og_locale":"nl_NL","og_type":"article","og_title":"Urz\u0119dy - Professional Web Solutions","og_description":"DigiD DigiD (Digital Identification) to elektroniczny klucz dost\u0119pu umo\u017cliwiaj\u0105cy korzystanie z holenderskich us\u0142ug publicznych online, takich jak Belastingdienst (urz\u0105d skarbowy), zorgverzekering (ubezpieczenie zdrowotne) czy MijnOverheid (osobisty portal obywatela). Rejestracja trwa zwykle kilka dni roboczych\u2014po z\u0142o\u017ceniu wniosku otrzymujesz list z kodem aktywacyjnym, kt\u00f3ry pozwala na pierwsze logowanie. Z DigiD potwierdzasz to\u017csamo\u015b\u0107 przy sk\u0142adaniu e-wniosk\u00f3w, sprawdzaniu stanu [&hellip;]","og_url":"https:\/\/prowebsolutions.nl\/nl\/diensten\/diensten-gementee\/","og_site_name":"Professional Web Solutions","article_modified_time":"2025-06-02T14:44:45+00:00","og_image":[{"width":2560,"height":1709,"url":"https:\/\/prowebsolutions.nl\/wp-content\/uploads\/2025\/06\/accountant-calculating-profit-with-financial-analysis-graphs-scaled.jpg","type":"image\/jpeg"}],"twitter_card":"summary_large_image","twitter_misc":{"Geschatte leestijd":"3 minuten"},"schema":{"@context":"https:\/\/schema.org","@graph":[{"@type":"WebPage","@id":"https:\/\/prowebsolutions.nl\/diensten\/diensten-gementee\/","url":"https:\/\/prowebsolutions.nl\/diensten\/diensten-gementee\/","name":"Urz\u0119dy - Professional Web Solutions","isPartOf":{"@id":"https:\/\/prowebsolutions.nl\/#website"},"primaryImageOfPage":{"@id":"https:\/\/prowebsolutions.nl\/diensten\/diensten-gementee\/#primaryimage"},"image":{"@id":"https:\/\/prowebsolutions.nl\/diensten\/diensten-gementee\/#primaryimage"},"thumbnailUrl":"https:\/\/prowebsolutions.nl\/wp-content\/uploads\/2025\/06\/accountant-calculating-profit-with-financial-analysis-graphs-768x513.jpg","datePublished":"2025-06-02T14:44:15+00:00","dateModified":"2025-06-02T14:44:45+00:00","breadcrumb":{"@id":"https:\/\/prowebsolutions.nl\/diensten\/diensten-gementee\/#breadcrumb"},"inLanguage":"nl-NL","potentialAction":[{"@type":"ReadAction","target":["https:\/\/prowebsolutions.nl\/diensten\/diensten-gementee\/"]}]},{"@type":"ImageObject","inLanguage":"nl-NL","@id":"https:\/\/prowebsolutions.nl\/diensten\/diensten-gementee\/#primaryimage","url":"https:\/\/prowebsolutions.nl\/wp-content\/uploads\/2025\/06\/accountant-calculating-profit-with-financial-analysis-graphs-768x513.jpg","contentUrl":"https:\/\/prowebsolutions.nl\/wp-content\/uploads\/2025\/06\/accountant-calculating-profit-with-financial-analysis-graphs-768x513.jpg"},{"@type":"BreadcrumbList","@id":"https:\/\/prowebsolutions.nl\/diensten\/diensten-gementee\/#breadcrumb","itemListElement":[{"@type":"ListItem","position":1,"name":"Strona g\u0142\u00f3wna","item":"https:\/\/prowebsolutions.nl\/"},{"@type":"ListItem","position":2,"name":"Us\u0142ugi","item":"https:\/\/prowebsolutions.nl\/diensten\/"},{"@type":"ListItem","position":3,"name":"Urz\u0119dy"}]},{"@type":"WebSite","@id":"https:\/\/prowebsolutions.nl\/#website","url":"https:\/\/prowebsolutions.nl\/","name":"Professional Web Solutions","description":"Do ka\u017cdego problemu podchodzimy indywidualnie","publisher":{"@id":"https:\/\/prowebsolutions.nl\/#organization"},"potentialAction":[{"@type":"SearchAction","target":{"@type":"EntryPoint","urlTemplate":"https:\/\/prowebsolutions.nl\/?s={search_term_string}"},"query-input":{"@type":"PropertyValueSpecification","valueRequired":true,"valueName":"search_term_string"}}],"inLanguage":"nl-NL"},{"@type":"Organization","@id":"https:\/\/prowebsolutions.nl\/#organization","name":"Professional Web Solutions","url":"https:\/\/prowebsolutions.nl\/","logo":{"@type":"ImageObject","inLanguage":"nl-NL","@id":"https:\/\/prowebsolutions.nl\/#\/schema\/logo\/image\/","url":"https:\/\/prowebsolutions.nl\/wp-content\/uploads\/2025\/05\/Professional-268-x-220-px.png","contentUrl":"https:\/\/prowebsolutions.nl\/wp-content\/uploads\/2025\/05\/Professional-268-x-220-px.png","width":268,"height":220,"caption":"Professional Web Solutions"},"image":{"@id":"https:\/\/prowebsolutions.nl\/#\/schema\/logo\/image\/"}}]}},"_links":{"self":[{"href":"https:\/\/prowebsolutions.nl\/nl\/wp-json\/wp\/v2\/pages\/854","targetHints":{"allow":["GET"]}}],"collection":[{"href":"https:\/\/prowebsolutions.nl\/nl\/wp-json\/wp\/v2\/pages"}],"about":[{"href":"https:\/\/prowebsolutions.nl\/nl\/wp-json\/wp\/v2\/types\/page"}],"author":[{"embeddable":true,"href":"https:\/\/prowebsolutions.nl\/nl\/wp-json\/wp\/v2\/users\/1"}],"replies":[{"embeddable":true,"href":"https:\/\/prowebsolutions.nl\/nl\/wp-json\/wp\/v2\/comments?post=854"}],"version-history":[{"count":0,"href":"https:\/\/prowebsolutions.nl\/nl\/wp-json\/wp\/v2\/pages\/854\/revisions"}],"up":[{"embeddable":true,"href":"https:\/\/prowebsolutions.nl\/nl\/wp-json\/wp\/v2\/pages\/179"}],"wp:attachment":[{"href":"https:\/\/prowebsolutions.nl\/nl\/wp-json\/wp\/v2\/media?parent=854"}],"curies":[{"name":"wp","href":"https:\/\/api.w.org\/{rel}","templated":true}]}}